{"id":1090,"date":"2024-08-20T11:10:25","date_gmt":"2024-08-20T15:10:25","guid":{"rendered":"https:\/\/siddikylaw.com\/?page_id=1090"},"modified":"2024-08-20T11:38:31","modified_gmt":"2024-08-20T15:38:31","slug":"lawyer-shadman-siddiky","status":"publish","type":"page","link":"https:\/\/siddikylaw.com\/fr\/lawyer-shadman-siddiky\/","title":{"rendered":"Avocat Shadman Siddiky"},"content":{"rendered":"<h2 class=\"wp-block-heading\"><strong>Avocat Shadman Siddiky<\/strong><\/h2>\n\n\n\n<div class=\"wp-block-group alignfull has-global-padding is-content-justification-center is-layout-constrained wp-container-core-group-is-layout-92d3b899 wp-block-group-is-layout-constrained\" style=\"margin-top:0;margin-bottom:0;padding-top:calc( 0.5 * var(--wp--style--root--padding-right, var(--wp--custom--gap--horizontal)));padding-right:var(--wp--style--root--padding-right, var(--wp--custom--gap--horizontal));padding-bottom:calc( 0.5 * var(--wp--style--root--padding-right, var(--wp--custom--gap--horizontal)));padding-left:var(--wp--style--root--padding-left, var(--wp--custom--gap--horizontal))\">\n<div class=\"wp-block-columns alignwide is-layout-flex wp-container-core-columns-is-layout-794e3cfa wp-block-columns-is-layout-flex\">\n<div class=\"wp-block-column is-layout-flow wp-block-column-is-layout-flow\">\n<figure class=\"wp-block-image size-full\"><img data-recalc-dims=\"1\" fetchpriority=\"high\" decoding=\"async\" width=\"2000\" height=\"3000\" data-attachment-id=\"74\" data-permalink=\"https:\/\/siddikylaw.com\/fr\/r6__9757\/\" data-orig-file=\"https:\/\/i0.wp.com\/siddikylaw.com\/wp-content\/uploads\/2023\/10\/r6__9757.jpg?fit=2000%2C3000&amp;ssl=1\" data-orig-size=\"2000,3000\" data-comments-opened=\"1\" data-image-meta=\"{&quot;aperture&quot;:&quot;0&quot;,&quot;credit&quot;:&quot;&quot;,&quot;camera&quot;:&quot;&quot;,&quot;caption&quot;:&quot;&quot;,&quot;created_timestamp&quot;:&quot;1695768487&quot;,&quot;copyright&quot;:&quot;&quot;,&quot;focal_length&quot;:&quot;0&quot;,&quot;iso&quot;:&quot;0&quot;,&quot;shutter_speed&quot;:&quot;0&quot;,&quot;title&quot;:&quot;&quot;,&quot;orientation&quot;:&quot;0&quot;}\" data-image-title=\"R6__9757\" data-image-description=\"\" data-image-caption=\"&lt;p&gt;Lawyer Shadman Siddiky&lt;\/p&gt;\" data-large-file=\"https:\/\/i0.wp.com\/siddikylaw.com\/wp-content\/uploads\/2023\/10\/r6__9757.jpg?fit=2000%2C3000&amp;ssl=1\" src=\"https:\/\/i0.wp.com\/siddikylaw.com\/wp-content\/uploads\/2023\/10\/r6__9757.jpg?resize=2000%2C3000&#038;ssl=1\" alt=\"\" class=\"wp-image-74\" style=\"aspect-ratio:3\/4;object-fit:cover\"\/><\/figure>\n<\/div>\n\n\n\n<div class=\"wp-block-column is-layout-flow wp-container-core-column-is-layout-9ff6af70 wp-block-column-is-layout-flow\">\n<p class=\"wp-block-paragraph\">Shadman H. Siddiky est un avocat d\u00e9vou\u00e9 qui a commenc\u00e9 son parcours juridique \u00e0 Londres, en Angleterre, o\u00f9 il a \u00e9tudi\u00e9 les comp\u00e9tences fondamentales et de recherche n\u00e9cessaires dans les aspects essentiels du droit et de la philosophie afin d'exceller dans sa carri\u00e8re d'avocat dans la ville historique d'Oxford. En outre, il a \u00e9t\u00e9 un fier membre de la Debate &amp; Mooting Society (soci\u00e9t\u00e9 de d\u00e9bat et de plaidoirie) pendant son s\u00e9jour \u00e0 Oxford. Il a obtenu son dipl\u00f4me en \u00e9tant le premier de sa classe et en obtenant la meilleure moyenne des \u00e9tudiants dipl\u00f4m\u00e9s.\u00a0<br><br>Apr\u00e8s avoir obtenu sa licence en droit, l'avocat Shadman Siddiky a pass\u00e9 les examens du barreau, ce qui lui a permis de pratiquer le droit et d'aider les personnes dans le besoin ici au Canada. Il a travaill\u00e9 sans rel\u00e2che dans le domaine de l'immigration et du droit humanitaire afin d'offrir une vie et un avenir meilleurs aux personnes issues de milieux d\u00e9favoris\u00e9s et vuln\u00e9rables. Il est extr\u00eamement passionn\u00e9 par l'aide aux personnes dans le besoin et l'a prouv\u00e9 au cours de ses ann\u00e9es d'exp\u00e9rience dans ce domaine. Dans le domaine du droit de l'immigration, il travaille principalement avec des r\u00e9fugi\u00e9s et des demandeurs d'asile, ainsi que sur des appels devant la Section d'appel des r\u00e9fugi\u00e9s et la Cour f\u00e9d\u00e9rale du Canada.\u00a0<br><br>Le fait d'avoir acquis une grande exp\u00e9rience gr\u00e2ce \u00e0 une lign\u00e9e familiale d'avocats a contribu\u00e9 \u00e0 \u00e9lever sa carri\u00e8re \u00e0 un niveau beaucoup plus \u00e9lev\u00e9, ce qui lui a permis d'atteindre ses objectifs en ce qui concerne les subtilit\u00e9s du droit humanitaire. L'avocat Shadman Siddiky est \u00e9galement capable de communiquer dans plusieurs langues. Il parle couramment l'anglais, le fran\u00e7ais, l'hindi, l'ourdou, le punjabi et le bengali, et comprend \u00e9galement d'autres langues.<\/p>\n<\/div>\n<\/div>\n\n\n\n<div style=\"height:calc( 0.25 * var(--wp--style--root--padding-right, var(--wp--custom--gap--horizontal)))\" aria-hidden=\"true\" class=\"wp-block-spacer\"><\/div>\n<\/div>\n\n\n\n<div class=\"wp-block-group alignfull has-global-padding is-content-justification-center is-layout-constrained wp-container-core-group-is-layout-92d3b899 wp-block-group-is-layout-constrained\" style=\"margin-top:0;margin-bottom:0;padding-top:calc( 0.5 * var(--wp--style--root--padding-right, var(--wp--custom--gap--horizontal)));padding-right:var(--wp--style--root--padding-right, var(--wp--custom--gap--horizontal));padding-bottom:calc( 0.5 * var(--wp--style--root--padding-right, var(--wp--custom--gap--horizontal)));padding-left:var(--wp--style--root--padding-left, var(--wp--custom--gap--horizontal))\">\n<div class=\"wp-block-columns alignwide is-layout-flex wp-container-core-columns-is-layout-794e3cfa wp-block-columns-is-layout-flex\">\n<div class=\"wp-block-column is-vertically-aligned-center is-layout-flow wp-block-column-is-layout-flow\">\n<h2 class=\"wp-block-heading\">Commencez d\u00e8s aujourd'hui<\/h2>\n\n\n\n<p class=\"wp-block-paragraph\">Entamez avec nous une proc\u00e9dure d'immigration transparente et b\u00e9n\u00e9ficiez d\u00e8s aujourd'hui de conseils juridiques adapt\u00e9s \u00e0 votre r\u00e9ussite.<br>Pour obtenir de plus amples renseignements sur l'avocat Shadman Siddiky et ses services, n'h\u00e9sitez pas \u00e0 communiquer avec nous au (514) 522-2320 ou \u00e0 l'adresse reception@siddikylaw.com pour prendre rendez-vous.<\/p>\n\n\n\n<div class=\"wp-block-buttons is-layout-flex wp-block-buttons-is-layout-flex\">\n<div class=\"wp-block-button\"><a class=\"wp-block-button__link wp-element-button\" href=\"https:\/\/siddikylaw.com\/fr\/contact-us\/\">Apprendre encore plus\u2026<\/a><\/div>\n<\/div>\n<\/div>\n<\/div>\n\n\n\n<div style=\"height:calc( 0.25 * var(--wp--style--root--padding-right, var(--wp--custom--gap--horizontal)))\" aria-hidden=\"true\" class=\"wp-block-spacer\"><\/div>\n<\/div>","protected":false},"excerpt":{"rendered":"<p>Lawyer Shadman Siddiky Shadman H. Siddiky is a devoted lawyer who began his journey in law in London, England where he studied the necessary foundational and research skills, core aspects of Law and Philosophy to excel in his career as a lawyer in the historic city of Oxford. Additionally, he was a proud member of [&hellip;]<\/p>\n","protected":false},"author":241199961,"featured_media":0,"parent":0,"menu_order":0,"comment_status":"closed","ping_status":"closed","template":"","meta":{"_acf_changed":false,"_crdt_document":"","inline_featured_image":false,"footnotes":""},"class_list":["post-1090","page","type-page","status-publish","hentry"],"acf":[],"yoast_head":"<!-- This site is optimized with the Yoast SEO plugin v27.4 - https:\/\/yoast.com\/product\/yoast-seo-wordpress\/ -->\n<title>Lawyer Shadman Siddiky - Siddiky Law<\/title>\n<meta name=\"robots\" content=\"index, follow, max-snippet:-1, max-image-preview:large, max-video-preview:-1\" \/>\n<link rel=\"canonical\" href=\"https:\/\/siddikylaw.com\/fr\/lawyer-shadman-siddiky\/\" \/>\n<meta property=\"og:locale\" content=\"fr_CA\" \/>\n<meta property=\"og:type\" content=\"article\" \/>\n<meta property=\"og:title\" content=\"Lawyer Shadman Siddiky - Siddiky Law\" \/>\n<meta property=\"og:description\" content=\"Lawyer Shadman Siddiky Shadman H. Siddiky is a devoted lawyer who began his journey in law in London, England where he studied the necessary foundational and research skills, core aspects of Law and Philosophy to excel in his career as a lawyer in the historic city of Oxford. Additionally, he was a proud member of [&hellip;]\" \/>\n<meta property=\"og:url\" content=\"https:\/\/siddikylaw.com\/fr\/lawyer-shadman-siddiky\/\" \/>\n<meta property=\"og:site_name\" content=\"Siddiky Law\" \/>\n<meta property=\"article:modified_time\" content=\"2024-08-20T15:38:31+00:00\" \/>\n<meta property=\"og:image\" content=\"https:\/\/siddikylaw.com\/wp-content\/uploads\/2023\/10\/r6__9757.jpg\" \/>\n<meta name=\"twitter:card\" content=\"summary_large_image\" \/>\n<meta name=\"twitter:label1\" content=\"Estimation du temps de lecture\" \/>\n\t<meta name=\"twitter:data1\" content=\"2 minutes\" \/>\n<script type=\"application\/ld+json\" class=\"yoast-schema-graph\">{\"@context\":\"https:\\\/\\\/schema.org\",\"@graph\":[{\"@type\":\"WebPage\",\"@id\":\"https:\\\/\\\/siddikylaw.com\\\/lawyer-shadman-siddiky\\\/\",\"url\":\"https:\\\/\\\/siddikylaw.com\\\/lawyer-shadman-siddiky\\\/\",\"name\":\"Lawyer Shadman Siddiky - Siddiky Law\",\"isPartOf\":{\"@id\":\"https:\\\/\\\/siddikylaw.com\\\/#website\"},\"primaryImageOfPage\":{\"@id\":\"https:\\\/\\\/siddikylaw.com\\\/lawyer-shadman-siddiky\\\/#primaryimage\"},\"image\":{\"@id\":\"https:\\\/\\\/siddikylaw.com\\\/lawyer-shadman-siddiky\\\/#primaryimage\"},\"thumbnailUrl\":\"https:\\\/\\\/siddikylaw.com\\\/wp-content\\\/uploads\\\/2023\\\/10\\\/r6__9757.jpg\",\"datePublished\":\"2024-08-20T15:10:25+00:00\",\"dateModified\":\"2024-08-20T15:38:31+00:00\",\"breadcrumb\":{\"@id\":\"https:\\\/\\\/siddikylaw.com\\\/lawyer-shadman-siddiky\\\/#breadcrumb\"},\"inLanguage\":\"fr-CA\",\"potentialAction\":[{\"@type\":\"ReadAction\",\"target\":[\"https:\\\/\\\/siddikylaw.com\\\/lawyer-shadman-siddiky\\\/\"]}]},{\"@type\":\"ImageObject\",\"inLanguage\":\"fr-CA\",\"@id\":\"https:\\\/\\\/siddikylaw.com\\\/lawyer-shadman-siddiky\\\/#primaryimage\",\"url\":\"https:\\\/\\\/siddikylaw.com\\\/wp-content\\\/uploads\\\/2023\\\/10\\\/r6__9757.jpg\",\"contentUrl\":\"https:\\\/\\\/siddikylaw.com\\\/wp-content\\\/uploads\\\/2023\\\/10\\\/r6__9757.jpg\"},{\"@type\":\"BreadcrumbList\",\"@id\":\"https:\\\/\\\/siddikylaw.com\\\/lawyer-shadman-siddiky\\\/#breadcrumb\",\"itemListElement\":[{\"@type\":\"ListItem\",\"position\":1,\"name\":\"Home\",\"item\":\"https:\\\/\\\/siddikylaw.com\\\/\"},{\"@type\":\"ListItem\",\"position\":2,\"name\":\"Lawyer Shadman Siddiky\"}]},{\"@type\":\"WebSite\",\"@id\":\"https:\\\/\\\/siddikylaw.com\\\/#website\",\"url\":\"https:\\\/\\\/siddikylaw.com\\\/\",\"name\":\"Siddiky Law\",\"description\":\"Siddiky Law Firm | Immigration Law\",\"publisher\":{\"@id\":\"https:\\\/\\\/siddikylaw.com\\\/#organization\"},\"potentialAction\":[{\"@type\":\"SearchAction\",\"target\":{\"@type\":\"EntryPoint\",\"urlTemplate\":\"https:\\\/\\\/siddikylaw.com\\\/?s={search_term_string}\"},\"query-input\":{\"@type\":\"PropertyValueSpecification\",\"valueRequired\":true,\"valueName\":\"search_term_string\"}}],\"inLanguage\":\"fr-CA\"},{\"@type\":\"Organization\",\"@id\":\"https:\\\/\\\/siddikylaw.com\\\/#organization\",\"name\":\"Siddiky Law\",\"url\":\"https:\\\/\\\/siddikylaw.com\\\/\",\"logo\":{\"@type\":\"ImageObject\",\"inLanguage\":\"fr-CA\",\"@id\":\"https:\\\/\\\/siddikylaw.com\\\/#\\\/schema\\\/logo\\\/image\\\/\",\"url\":\"https:\\\/\\\/i0.wp.com\\\/siddikylaw.com\\\/wp-content\\\/uploads\\\/2023\\\/10\\\/logo_full_light402x.png?fit=3184%2C1364&ssl=1\",\"contentUrl\":\"https:\\\/\\\/i0.wp.com\\\/siddikylaw.com\\\/wp-content\\\/uploads\\\/2023\\\/10\\\/logo_full_light402x.png?fit=3184%2C1364&ssl=1\",\"width\":3184,\"height\":1364,\"caption\":\"Siddiky Law\"},\"image\":{\"@id\":\"https:\\\/\\\/siddikylaw.com\\\/#\\\/schema\\\/logo\\\/image\\\/\"}}]}<\/script>\n<!-- \/ Yoast SEO plugin. -->","yoast_head_json":{"title":"Lawyer Shadman Siddiky - Siddiky Law","robots":{"index":"index","follow":"follow","max-snippet":"max-snippet:-1","max-image-preview":"max-image-preview:large","max-video-preview":"max-video-preview:-1"},"canonical":"https:\/\/siddikylaw.com\/fr\/lawyer-shadman-siddiky\/","og_locale":"fr_CA","og_type":"article","og_title":"Lawyer Shadman Siddiky - Siddiky Law","og_description":"Lawyer Shadman Siddiky Shadman H. Siddiky is a devoted lawyer who began his journey in law in London, England where he studied the necessary foundational and research skills, core aspects of Law and Philosophy to excel in his career as a lawyer in the historic city of Oxford. Additionally, he was a proud member of [&hellip;]","og_url":"https:\/\/siddikylaw.com\/fr\/lawyer-shadman-siddiky\/","og_site_name":"Siddiky Law","article_modified_time":"2024-08-20T15:38:31+00:00","og_image":[{"url":"https:\/\/siddikylaw.com\/wp-content\/uploads\/2023\/10\/r6__9757.jpg","type":"","width":"","height":""}],"twitter_card":"summary_large_image","twitter_misc":{"Estimation du temps de lecture":"2 minutes"},"schema":{"@context":"https:\/\/schema.org","@graph":[{"@type":"WebPage","@id":"https:\/\/siddikylaw.com\/lawyer-shadman-siddiky\/","url":"https:\/\/siddikylaw.com\/lawyer-shadman-siddiky\/","name":"Lawyer Shadman Siddiky - Siddiky Law","isPartOf":{"@id":"https:\/\/siddikylaw.com\/#website"},"primaryImageOfPage":{"@id":"https:\/\/siddikylaw.com\/lawyer-shadman-siddiky\/#primaryimage"},"image":{"@id":"https:\/\/siddikylaw.com\/lawyer-shadman-siddiky\/#primaryimage"},"thumbnailUrl":"https:\/\/siddikylaw.com\/wp-content\/uploads\/2023\/10\/r6__9757.jpg","datePublished":"2024-08-20T15:10:25+00:00","dateModified":"2024-08-20T15:38:31+00:00","breadcrumb":{"@id":"https:\/\/siddikylaw.com\/lawyer-shadman-siddiky\/#breadcrumb"},"inLanguage":"fr-CA","potentialAction":[{"@type":"ReadAction","target":["https:\/\/siddikylaw.com\/lawyer-shadman-siddiky\/"]}]},{"@type":"ImageObject","inLanguage":"fr-CA","@id":"https:\/\/siddikylaw.com\/lawyer-shadman-siddiky\/#primaryimage","url":"https:\/\/siddikylaw.com\/wp-content\/uploads\/2023\/10\/r6__9757.jpg","contentUrl":"https:\/\/siddikylaw.com\/wp-content\/uploads\/2023\/10\/r6__9757.jpg"},{"@type":"BreadcrumbList","@id":"https:\/\/siddikylaw.com\/lawyer-shadman-siddiky\/#breadcrumb","itemListElement":[{"@type":"ListItem","position":1,"name":"Home","item":"https:\/\/siddikylaw.com\/"},{"@type":"ListItem","position":2,"name":"Lawyer Shadman Siddiky"}]},{"@type":"WebSite","@id":"https:\/\/siddikylaw.com\/#website","url":"https:\/\/siddikylaw.com\/","name":"Siddiky Law","description":"Siddiky Law Firm | Immigration Law","publisher":{"@id":"https:\/\/siddikylaw.com\/#organization"},"potentialAction":[{"@type":"SearchAction","target":{"@type":"EntryPoint","urlTemplate":"https:\/\/siddikylaw.com\/?s={search_term_string}"},"query-input":{"@type":"PropertyValueSpecification","valueRequired":true,"valueName":"search_term_string"}}],"inLanguage":"fr-CA"},{"@type":"Organization","@id":"https:\/\/siddikylaw.com\/#organization","name":"Siddiky Law","url":"https:\/\/siddikylaw.com\/","logo":{"@type":"ImageObject","inLanguage":"fr-CA","@id":"https:\/\/siddikylaw.com\/#\/schema\/logo\/image\/","url":"https:\/\/i0.wp.com\/siddikylaw.com\/wp-content\/uploads\/2023\/10\/logo_full_light402x.png?fit=3184%2C1364&ssl=1","contentUrl":"https:\/\/i0.wp.com\/siddikylaw.com\/wp-content\/uploads\/2023\/10\/logo_full_light402x.png?fit=3184%2C1364&ssl=1","width":3184,"height":1364,"caption":"Siddiky Law"},"image":{"@id":"https:\/\/siddikylaw.com\/#\/schema\/logo\/image\/"}}]}},"jetpack_likes_enabled":true,"jetpack_sharing_enabled":true,"jetpack_shortlink":"https:\/\/wp.me\/PfauUB-hA","jetpack-related-posts":[],"_links":{"self":[{"href":"https:\/\/siddikylaw.com\/fr\/wp-json\/wp\/v2\/pages\/1090","targetHints":{"allow":["GET"]}}],"collection":[{"href":"https:\/\/siddikylaw.com\/fr\/wp-json\/wp\/v2\/pages"}],"about":[{"href":"https:\/\/siddikylaw.com\/fr\/wp-json\/wp\/v2\/types\/page"}],"author":[{"embeddable":true,"href":"https:\/\/siddikylaw.com\/fr\/wp-json\/wp\/v2\/users\/241199961"}],"replies":[{"embeddable":true,"href":"https:\/\/siddikylaw.com\/fr\/wp-json\/wp\/v2\/comments?post=1090"}],"version-history":[{"count":7,"href":"https:\/\/siddikylaw.com\/fr\/wp-json\/wp\/v2\/pages\/1090\/revisions"}],"predecessor-version":[{"id":1116,"href":"https:\/\/siddikylaw.com\/fr\/wp-json\/wp\/v2\/pages\/1090\/revisions\/1116"}],"wp:attachment":[{"href":"https:\/\/siddikylaw.com\/fr\/wp-json\/wp\/v2\/media?parent=1090"}],"curies":[{"name":"wp","href":"https:\/\/api.w.org\/{rel}","templated":true}]}}