{"id":1095,"date":"2024-08-20T11:22:42","date_gmt":"2024-08-20T15:22:42","guid":{"rendered":"https:\/\/siddikylaw.com\/?page_id=1095"},"modified":"2024-08-20T11:36:30","modified_gmt":"2024-08-20T15:36:30","slug":"lawyer-sohana-sara-siddiky","status":"publish","type":"page","link":"https:\/\/siddikylaw.com\/fr\/lawyer-sohana-sara-siddiky\/","title":{"rendered":"Avocate Sohana Sara Siddiky"},"content":{"rendered":"<h2 class=\"wp-block-heading\">Avocate <strong>Sohana Sara Siddiky<\/strong><\/h2>\n\n\n\n<div class=\"wp-block-group alignfull has-global-padding is-content-justification-center is-layout-constrained wp-container-core-group-is-layout-4b98f924 wp-block-group-is-layout-constrained\" style=\"margin-top:0;margin-bottom:0;padding-top:calc( 0.5 * var(u002du002dwpu002du002dstyleu002du002drootu002du002dpadding-right, var(u002du002dwpu002du002dcustomu002du002dgapu002du002dhorizontal)));padding-right:var(u002du002dwpu002du002dstyleu002du002drootu002du002dpadding-right, var(u002du002dwpu002du002dcustomu002du002dgapu002du002dhorizontal));padding-bottom:calc( 0.5 * var(u002du002dwpu002du002dstyleu002du002drootu002du002dpadding-right, var(u002du002dwpu002du002dcustomu002du002dgapu002du002dhorizontal)));padding-left:var(u002du002dwpu002du002dstyleu002du002drootu002du002dpadding-left, var(u002du002dwpu002du002dcustomu002du002dgapu002du002dhorizontal))\">\n<div class=\"wp-block-columns alignwide is-layout-flex wp-container-core-columns-is-layout-794e3cfa wp-block-columns-is-layout-flex\">\n<div class=\"wp-block-column is-layout-flow wp-block-column-is-layout-flow\">\n<figure class=\"wp-block-image size-full\"><img data-recalc-dims=\"1\" fetchpriority=\"high\" decoding=\"async\" width=\"900\" height=\"1350\" data-attachment-id=\"531\" data-permalink=\"https:\/\/siddikylaw.com\/fr\/our-team\/whatsapp-image-2024-05-24-at-14-24-28_9e071ec4\/\" data-orig-file=\"https:\/\/i0.wp.com\/siddikylaw.com\/wp-content\/uploads\/2024\/05\/WhatsApp-Image-2024-05-24-at-14.24.28_9e071ec4.jpg?fit=900%2C1350&amp;ssl=1\" data-orig-size=\"900,1350\" data-comments-opened=\"1\" data-image-meta=\"{&quot;aperture&quot;:&quot;0&quot;,&quot;credit&quot;:&quot;&quot;,&quot;camera&quot;:&quot;&quot;,&quot;caption&quot;:&quot;&quot;,&quot;created_timestamp&quot;:&quot;0&quot;,&quot;copyright&quot;:&quot;&quot;,&quot;focal_length&quot;:&quot;0&quot;,&quot;iso&quot;:&quot;0&quot;,&quot;shutter_speed&quot;:&quot;0&quot;,&quot;title&quot;:&quot;&quot;,&quot;orientation&quot;:&quot;0&quot;}\" data-image-title=\"WhatsApp-Image-2024-05-24-at-14.24.28_9e071ec4\" data-image-description=\"\" data-image-caption=\"&lt;p&gt;Lawyer Sohana Sara Siddiky&lt;\/p&gt;\" data-large-file=\"https:\/\/i0.wp.com\/siddikylaw.com\/wp-content\/uploads\/2024\/05\/WhatsApp-Image-2024-05-24-at-14.24.28_9e071ec4.jpg?fit=683%2C1024&amp;ssl=1\" src=\"https:\/\/i0.wp.com\/siddikylaw.com\/wp-content\/uploads\/2024\/05\/WhatsApp-Image-2024-05-24-at-14.24.28_9e071ec4.jpg?resize=900%2C1350&#038;ssl=1\" alt=\"\" class=\"wp-image-531\" style=\"aspect-ratio:3\/4;object-fit:cover\" srcset=\"https:\/\/i0.wp.com\/siddikylaw.com\/wp-content\/uploads\/2024\/05\/WhatsApp-Image-2024-05-24-at-14.24.28_9e071ec4.jpg?w=900&amp;ssl=1 900w, https:\/\/i0.wp.com\/siddikylaw.com\/wp-content\/uploads\/2024\/05\/WhatsApp-Image-2024-05-24-at-14.24.28_9e071ec4.jpg?resize=200%2C300&amp;ssl=1 200w, https:\/\/i0.wp.com\/siddikylaw.com\/wp-content\/uploads\/2024\/05\/WhatsApp-Image-2024-05-24-at-14.24.28_9e071ec4.jpg?resize=683%2C1024&amp;ssl=1 683w, https:\/\/i0.wp.com\/siddikylaw.com\/wp-content\/uploads\/2024\/05\/WhatsApp-Image-2024-05-24-at-14.24.28_9e071ec4.jpg?resize=768%2C1152&amp;ssl=1 768w\" sizes=\"(max-width: 900px) 100vw, 900px\" \/><\/figure>\n<\/div>\n\n\n\n<div class=\"wp-block-column is-layout-flow wp-container-core-column-is-layout-9ff6af70 wp-block-column-is-layout-flow\">\n<p class=\"wp-block-paragraph\">Barrister Sohana Sara Siddiky est une avocate passionn\u00e9e par l'immigration et les litiges humanitaires. Elle g\u00e8re avec succ\u00e8s les dossiers juridiques d'un grand nombre de clients qui demandent le statut de r\u00e9fugi\u00e9, la r\u00e9sidence permanente, la r\u00e9sidence temporaire et d'autres aspects du droit de l'immigration. Elle est r\u00e9siliente et son amour profond pour la justice lui permet de repr\u00e9senter des clients particuli\u00e8rement vuln\u00e9rables. Apr\u00e8s avoir termin\u00e9 ses \u00e9tudes primaires et secondaires au Canada, elle s'est rendue \u00e0 l'\u00e9tranger pour poursuivre ses traditions g\u00e9n\u00e9rationnelles en \u00e9tudiant le droit au Royaume-Uni.<br><br>L'avocate Sohana Sara Siddiky a commenc\u00e9 ses \u00e9tudes de droit \u00e0 l'universit\u00e9 de Londres, au Royaume-Uni, o\u00f9 elle a obtenu son dipl\u00f4me en pr\u00e9sence de la princesse royale Anne (fille unique de la reine Elizabeth II et du prince Philip, duc d'\u00c9dimbourg, et s\u0153ur unique du roi Charles III), chanceli\u00e8re de l'universit\u00e9 de Londres, qui a pr\u00e9sid\u00e9 la c\u00e9r\u00e9monie de remise des dipl\u00f4mes de l'avocate Siddiky. Elle a ensuite poursuivi sa formation juridique \u00e0 la BPP Law School au Royaume-Uni, o\u00f9 elle a obtenu un deuxi\u00e8me dipl\u00f4me en droit. Cette formation lui a permis d'acqu\u00e9rir une exp\u00e9rience pr\u00e9cieuse en mati\u00e8re de droit international, de common law et de droit europ\u00e9en.<br><br>Apr\u00e8s son retour au Canada, Barrister Siddiky a \u00e9t\u00e9 accr\u00e9dit\u00e9e par la F\u00e9d\u00e9ration des ordres professionnels de juristes du Canada et a \u00e9t\u00e9 admise au barreau de l'Ontario (Upper Canada Law Society). Elle pratique actuellement le droit dans son bureau du centre-ville de Montr\u00e9al, au Qu\u00e9bec, Canada. Outre sa grande expertise juridique, elle est membre de l'Association internationale du barreau, connue pour avoir obtenu le statut consultatif sp\u00e9cial aupr\u00e8s de l'Assembl\u00e9e g\u00e9n\u00e9rale des Nations unies et du Conseil \u00e9conomique et social des Nations unies (ECOSOC) depuis 1947.<br><br>Barrister Sohana Sara Siddiky est multilingue. Elle parle couramment le fran\u00e7ais, l'anglais et le bengali, et poss\u00e8de des comp\u00e9tences en hindi, en punjabi et en ourdou. Au-del\u00e0 de ses impressionnantes comp\u00e9tences linguistiques, elle a r\u00e9uni une \u00e9quipe juridique comp\u00e9tente et professionnelle, dot\u00e9e de capacit\u00e9s d'interpr\u00e9tation. Gr\u00e2ce \u00e0 son expertise et au soutien de son \u00e9quipe, Barrister Siddiky a guid\u00e9 avec succ\u00e8s des familles du Vi\u00eat Nam, de Chine, du Pakistan, d'Inde, du Bangladesh, du Maroc, du Liban, d'Alg\u00e9rie, du Mexique, du Venezuela, de Cuba, de Colombie, de la R\u00e9publique dominicaine, de la R\u00e9publique du Congo, du Ghana, du Nigeria, des \u00c9tats-Unis et du Royaume-Uni, parmi beaucoup d'autres, vers un nouveau d\u00e9part au Canada. Son empathie et son d\u00e9vouement vont bien au-del\u00e0 des aspects juridiques de son travail. Pour le Barrister Siddiky, chaque cas repr\u00e9sente une histoire humaine, faite d'espoir, de r\u00e9silience et de recherche d'une vie meilleure. Son engagement envers ses clients est ancr\u00e9 dans un amour profond pour son travail et une satisfaction profonde d'aider ceux qui en ont le plus besoin. Son d\u00e9vouement garantit que chaque client b\u00e9n\u00e9ficie non seulement d'un service juridique, mais aussi d'un alli\u00e9 dans sa qu\u00eate de justice et d'un avenir meilleur.<\/p>\n<\/div>\n<\/div>\n\n\n\n<div style=\"height:calc( 0.25 * var(u002du002dwpu002du002dstyleu002du002drootu002du002dpadding-right, var(u002du002dwpu002du002dcustomu002du002dgapu002du002dhorizontal)))\" aria-hidden=\"true\" class=\"wp-block-spacer\"><\/div>\n<\/div>\n\n\n\n<div class=\"wp-block-group alignfull has-global-padding is-content-justification-center is-layout-constrained wp-container-core-group-is-layout-4b98f924 wp-block-group-is-layout-constrained\" style=\"margin-top:0;margin-bottom:0;padding-top:calc( 0.5 * var(u002du002dwpu002du002dstyleu002du002drootu002du002dpadding-right, var(u002du002dwpu002du002dcustomu002du002dgapu002du002dhorizontal)));padding-right:var(u002du002dwpu002du002dstyleu002du002drootu002du002dpadding-right, var(u002du002dwpu002du002dcustomu002du002dgapu002du002dhorizontal));padding-bottom:calc( 0.5 * var(u002du002dwpu002du002dstyleu002du002drootu002du002dpadding-right, var(u002du002dwpu002du002dcustomu002du002dgapu002du002dhorizontal)));padding-left:var(u002du002dwpu002du002dstyleu002du002drootu002du002dpadding-left, var(u002du002dwpu002du002dcustomu002du002dgapu002du002dhorizontal))\">\n<div class=\"wp-block-columns alignwide is-layout-flex wp-container-core-columns-is-layout-794e3cfa wp-block-columns-is-layout-flex\">\n<div class=\"wp-block-column is-vertically-aligned-center is-layout-flow wp-block-column-is-layout-flow\">\n<h2 class=\"wp-block-heading\">Commencez d\u00e8s aujourd'hui<\/h2>\n\n\n\n<p class=\"wp-block-paragraph\">Entamez avec nous une proc\u00e9dure d'immigration transparente et b\u00e9n\u00e9ficiez d\u00e8s aujourd'hui de conseils juridiques adapt\u00e9s \u00e0 votre r\u00e9ussite.<br>Pour plus d'informations sur l'avocate Sohana Sara Siddiky et ses services, n'h\u00e9sitez pas \u00e0 nous contacter au (514) 556-8932 ou \u00e0 ssiddiky1@gmail.com pour prendre rendez-vous.&nbsp;<\/p>\n\n\n\n<div class=\"wp-block-buttons is-layout-flex wp-block-buttons-is-layout-flex\">\n<div class=\"wp-block-button\"><a class=\"wp-block-button__link wp-element-button\" href=\"https:\/\/siddikylaw.com\/fr\/contact-us\/\">Apprendre encore plus\u2026<\/a><\/div>\n<\/div>\n<\/div>\n<\/div>\n\n\n\n<div style=\"height:calc( 0.25 * var(u002du002dwpu002du002dstyleu002du002drootu002du002dpadding-right, var(u002du002dwpu002du002dcustomu002du002dgapu002du002dhorizontal)))\" aria-hidden=\"true\" class=\"wp-block-spacer\"><\/div>\n<\/div>","protected":false},"excerpt":{"rendered":"<p>Lawyer Sohana Sara Siddiky Barrister Sohana Sara Siddiky is a passionate Immigration and humanitarian Litigation lawyer. She successfully manages the legal cases for a magnitude of clients applying for refugee status, permanent residence, temporary residence, and other facets of immigration law. She is resilient and her deep love for justice paves her route to represent [&hellip;]<\/p>\n","protected":false},"author":241199961,"featured_media":0,"parent":0,"menu_order":0,"comment_status":"closed","ping_status":"closed","template":"","meta":{"_acf_changed":false,"_crdt_document":"","inline_featured_image":false,"footnotes":""},"class_list":["post-1095","page","type-page","status-publish","hentry"],"acf":[],"yoast_head":"<!-- This site is optimized with the Yoast SEO plugin v27.4 - https:\/\/yoast.com\/product\/yoast-seo-wordpress\/ -->\n<title>Lawyer Sohana Sara Siddiky - Siddiky Law<\/title>\n<meta name=\"robots\" content=\"index, follow, max-snippet:-1, max-image-preview:large, max-video-preview:-1\" \/>\n<link rel=\"canonical\" href=\"https:\/\/siddikylaw.com\/fr\/lawyer-sohana-sara-siddiky\/\" \/>\n<meta property=\"og:locale\" content=\"fr_CA\" \/>\n<meta property=\"og:type\" content=\"article\" \/>\n<meta property=\"og:title\" content=\"Lawyer Sohana Sara Siddiky - Siddiky Law\" \/>\n<meta property=\"og:description\" content=\"Lawyer Sohana Sara Siddiky Barrister Sohana Sara Siddiky is a passionate Immigration and humanitarian Litigation lawyer. She successfully manages the legal cases for a magnitude of clients applying for refugee status, permanent residence, temporary residence, and other facets of immigration law. She is resilient and her deep love for justice paves her route to represent [&hellip;]\" \/>\n<meta property=\"og:url\" content=\"https:\/\/siddikylaw.com\/fr\/lawyer-sohana-sara-siddiky\/\" \/>\n<meta property=\"og:site_name\" content=\"Siddiky Law\" \/>\n<meta property=\"article:modified_time\" content=\"2024-08-20T15:36:30+00:00\" \/>\n<meta property=\"og:image\" content=\"https:\/\/siddikylaw.com\/wp-content\/uploads\/2024\/05\/WhatsApp-Image-2024-05-24-at-14.24.28_9e071ec4.jpg\" \/>\n<meta name=\"twitter:card\" content=\"summary_large_image\" \/>\n<meta name=\"twitter:label1\" content=\"Estimation du temps de lecture\" \/>\n\t<meta name=\"twitter:data1\" content=\"2 minutes\" \/>\n<script type=\"application\/ld+json\" class=\"yoast-schema-graph\">{\"@context\":\"https:\\\/\\\/schema.org\",\"@graph\":[{\"@type\":\"WebPage\",\"@id\":\"https:\\\/\\\/siddikylaw.com\\\/lawyer-sohana-sara-siddiky\\\/\",\"url\":\"https:\\\/\\\/siddikylaw.com\\\/lawyer-sohana-sara-siddiky\\\/\",\"name\":\"Lawyer Sohana Sara Siddiky - Siddiky Law\",\"isPartOf\":{\"@id\":\"https:\\\/\\\/siddikylaw.com\\\/#website\"},\"primaryImageOfPage\":{\"@id\":\"https:\\\/\\\/siddikylaw.com\\\/lawyer-sohana-sara-siddiky\\\/#primaryimage\"},\"image\":{\"@id\":\"https:\\\/\\\/siddikylaw.com\\\/lawyer-sohana-sara-siddiky\\\/#primaryimage\"},\"thumbnailUrl\":\"https:\\\/\\\/siddikylaw.com\\\/wp-content\\\/uploads\\\/2024\\\/05\\\/WhatsApp-Image-2024-05-24-at-14.24.28_9e071ec4.jpg\",\"datePublished\":\"2024-08-20T15:22:42+00:00\",\"dateModified\":\"2024-08-20T15:36:30+00:00\",\"breadcrumb\":{\"@id\":\"https:\\\/\\\/siddikylaw.com\\\/lawyer-sohana-sara-siddiky\\\/#breadcrumb\"},\"inLanguage\":\"fr-CA\",\"potentialAction\":[{\"@type\":\"ReadAction\",\"target\":[\"https:\\\/\\\/siddikylaw.com\\\/lawyer-sohana-sara-siddiky\\\/\"]}]},{\"@type\":\"ImageObject\",\"inLanguage\":\"fr-CA\",\"@id\":\"https:\\\/\\\/siddikylaw.com\\\/lawyer-sohana-sara-siddiky\\\/#primaryimage\",\"url\":\"https:\\\/\\\/siddikylaw.com\\\/wp-content\\\/uploads\\\/2024\\\/05\\\/WhatsApp-Image-2024-05-24-at-14.24.28_9e071ec4.jpg\",\"contentUrl\":\"https:\\\/\\\/siddikylaw.com\\\/wp-content\\\/uploads\\\/2024\\\/05\\\/WhatsApp-Image-2024-05-24-at-14.24.28_9e071ec4.jpg\"},{\"@type\":\"BreadcrumbList\",\"@id\":\"https:\\\/\\\/siddikylaw.com\\\/lawyer-sohana-sara-siddiky\\\/#breadcrumb\",\"itemListElement\":[{\"@type\":\"ListItem\",\"position\":1,\"name\":\"Home\",\"item\":\"https:\\\/\\\/siddikylaw.com\\\/\"},{\"@type\":\"ListItem\",\"position\":2,\"name\":\"Lawyer Sohana Sara Siddiky\"}]},{\"@type\":\"WebSite\",\"@id\":\"https:\\\/\\\/siddikylaw.com\\\/#website\",\"url\":\"https:\\\/\\\/siddikylaw.com\\\/\",\"name\":\"Siddiky Law\",\"description\":\"Siddiky Law Firm | Immigration Law\",\"publisher\":{\"@id\":\"https:\\\/\\\/siddikylaw.com\\\/#organization\"},\"potentialAction\":[{\"@type\":\"SearchAction\",\"target\":{\"@type\":\"EntryPoint\",\"urlTemplate\":\"https:\\\/\\\/siddikylaw.com\\\/?s={search_term_string}\"},\"query-input\":{\"@type\":\"PropertyValueSpecification\",\"valueRequired\":true,\"valueName\":\"search_term_string\"}}],\"inLanguage\":\"fr-CA\"},{\"@type\":\"Organization\",\"@id\":\"https:\\\/\\\/siddikylaw.com\\\/#organization\",\"name\":\"Siddiky Law\",\"url\":\"https:\\\/\\\/siddikylaw.com\\\/\",\"logo\":{\"@type\":\"ImageObject\",\"inLanguage\":\"fr-CA\",\"@id\":\"https:\\\/\\\/siddikylaw.com\\\/#\\\/schema\\\/logo\\\/image\\\/\",\"url\":\"https:\\\/\\\/i0.wp.com\\\/siddikylaw.com\\\/wp-content\\\/uploads\\\/2023\\\/10\\\/logo_full_light402x.png?fit=3184%2C1364&ssl=1\",\"contentUrl\":\"https:\\\/\\\/i0.wp.com\\\/siddikylaw.com\\\/wp-content\\\/uploads\\\/2023\\\/10\\\/logo_full_light402x.png?fit=3184%2C1364&ssl=1\",\"width\":3184,\"height\":1364,\"caption\":\"Siddiky Law\"},\"image\":{\"@id\":\"https:\\\/\\\/siddikylaw.com\\\/#\\\/schema\\\/logo\\\/image\\\/\"}}]}<\/script>\n<!-- \/ Yoast SEO plugin. -->","yoast_head_json":{"title":"Lawyer Sohana Sara Siddiky - Siddiky Law","robots":{"index":"index","follow":"follow","max-snippet":"max-snippet:-1","max-image-preview":"max-image-preview:large","max-video-preview":"max-video-preview:-1"},"canonical":"https:\/\/siddikylaw.com\/fr\/lawyer-sohana-sara-siddiky\/","og_locale":"fr_CA","og_type":"article","og_title":"Lawyer Sohana Sara Siddiky - Siddiky Law","og_description":"Lawyer Sohana Sara Siddiky Barrister Sohana Sara Siddiky is a passionate Immigration and humanitarian Litigation lawyer. She successfully manages the legal cases for a magnitude of clients applying for refugee status, permanent residence, temporary residence, and other facets of immigration law. She is resilient and her deep love for justice paves her route to represent [&hellip;]","og_url":"https:\/\/siddikylaw.com\/fr\/lawyer-sohana-sara-siddiky\/","og_site_name":"Siddiky Law","article_modified_time":"2024-08-20T15:36:30+00:00","og_image":[{"url":"https:\/\/siddikylaw.com\/wp-content\/uploads\/2024\/05\/WhatsApp-Image-2024-05-24-at-14.24.28_9e071ec4.jpg","type":"","width":"","height":""}],"twitter_card":"summary_large_image","twitter_misc":{"Estimation du temps de lecture":"2 minutes"},"schema":{"@context":"https:\/\/schema.org","@graph":[{"@type":"WebPage","@id":"https:\/\/siddikylaw.com\/lawyer-sohana-sara-siddiky\/","url":"https:\/\/siddikylaw.com\/lawyer-sohana-sara-siddiky\/","name":"Lawyer Sohana Sara Siddiky - Siddiky Law","isPartOf":{"@id":"https:\/\/siddikylaw.com\/#website"},"primaryImageOfPage":{"@id":"https:\/\/siddikylaw.com\/lawyer-sohana-sara-siddiky\/#primaryimage"},"image":{"@id":"https:\/\/siddikylaw.com\/lawyer-sohana-sara-siddiky\/#primaryimage"},"thumbnailUrl":"https:\/\/siddikylaw.com\/wp-content\/uploads\/2024\/05\/WhatsApp-Image-2024-05-24-at-14.24.28_9e071ec4.jpg","datePublished":"2024-08-20T15:22:42+00:00","dateModified":"2024-08-20T15:36:30+00:00","breadcrumb":{"@id":"https:\/\/siddikylaw.com\/lawyer-sohana-sara-siddiky\/#breadcrumb"},"inLanguage":"fr-CA","potentialAction":[{"@type":"ReadAction","target":["https:\/\/siddikylaw.com\/lawyer-sohana-sara-siddiky\/"]}]},{"@type":"ImageObject","inLanguage":"fr-CA","@id":"https:\/\/siddikylaw.com\/lawyer-sohana-sara-siddiky\/#primaryimage","url":"https:\/\/siddikylaw.com\/wp-content\/uploads\/2024\/05\/WhatsApp-Image-2024-05-24-at-14.24.28_9e071ec4.jpg","contentUrl":"https:\/\/siddikylaw.com\/wp-content\/uploads\/2024\/05\/WhatsApp-Image-2024-05-24-at-14.24.28_9e071ec4.jpg"},{"@type":"BreadcrumbList","@id":"https:\/\/siddikylaw.com\/lawyer-sohana-sara-siddiky\/#breadcrumb","itemListElement":[{"@type":"ListItem","position":1,"name":"Home","item":"https:\/\/siddikylaw.com\/"},{"@type":"ListItem","position":2,"name":"Lawyer Sohana Sara Siddiky"}]},{"@type":"WebSite","@id":"https:\/\/siddikylaw.com\/#website","url":"https:\/\/siddikylaw.com\/","name":"Siddiky Law","description":"Siddiky Law Firm | Immigration Law","publisher":{"@id":"https:\/\/siddikylaw.com\/#organization"},"potentialAction":[{"@type":"SearchAction","target":{"@type":"EntryPoint","urlTemplate":"https:\/\/siddikylaw.com\/?s={search_term_string}"},"query-input":{"@type":"PropertyValueSpecification","valueRequired":true,"valueName":"search_term_string"}}],"inLanguage":"fr-CA"},{"@type":"Organization","@id":"https:\/\/siddikylaw.com\/#organization","name":"Siddiky Law","url":"https:\/\/siddikylaw.com\/","logo":{"@type":"ImageObject","inLanguage":"fr-CA","@id":"https:\/\/siddikylaw.com\/#\/schema\/logo\/image\/","url":"https:\/\/i0.wp.com\/siddikylaw.com\/wp-content\/uploads\/2023\/10\/logo_full_light402x.png?fit=3184%2C1364&ssl=1","contentUrl":"https:\/\/i0.wp.com\/siddikylaw.com\/wp-content\/uploads\/2023\/10\/logo_full_light402x.png?fit=3184%2C1364&ssl=1","width":3184,"height":1364,"caption":"Siddiky Law"},"image":{"@id":"https:\/\/siddikylaw.com\/#\/schema\/logo\/image\/"}}]}},"jetpack_likes_enabled":true,"jetpack_sharing_enabled":true,"jetpack_shortlink":"https:\/\/wp.me\/PfauUB-hF","jetpack-related-posts":[],"_links":{"self":[{"href":"https:\/\/siddikylaw.com\/fr\/wp-json\/wp\/v2\/pages\/1095","targetHints":{"allow":["GET"]}}],"collection":[{"href":"https:\/\/siddikylaw.com\/fr\/wp-json\/wp\/v2\/pages"}],"about":[{"href":"https:\/\/siddikylaw.com\/fr\/wp-json\/wp\/v2\/types\/page"}],"author":[{"embeddable":true,"href":"https:\/\/siddikylaw.com\/fr\/wp-json\/wp\/v2\/users\/241199961"}],"replies":[{"embeddable":true,"href":"https:\/\/siddikylaw.com\/fr\/wp-json\/wp\/v2\/comments?post=1095"}],"version-history":[{"count":9,"href":"https:\/\/siddikylaw.com\/fr\/wp-json\/wp\/v2\/pages\/1095\/revisions"}],"predecessor-version":[{"id":1112,"href":"https:\/\/siddikylaw.com\/fr\/wp-json\/wp\/v2\/pages\/1095\/revisions\/1112"}],"wp:attachment":[{"href":"https:\/\/siddikylaw.com\/fr\/wp-json\/wp\/v2\/media?parent=1095"}],"curies":[{"name":"wp","href":"https:\/\/api.w.org\/{rel}","templated":true}]}}