{"id":201,"date":"2023-11-11T12:55:03","date_gmt":"2023-11-11T17:55:03","guid":{"rendered":"https:\/\/siddikylaw.com\/?page_id=201"},"modified":"2024-08-20T11:56:48","modified_gmt":"2024-08-20T15:56:48","slug":"our-team","status":"publish","type":"page","link":"https:\/\/siddikylaw.com\/fr\/our-team\/","title":{"rendered":"Notre \u00e9quipe"},"content":{"rendered":"<h2 class=\"wp-block-heading has-text-align-center\">Notre \u00e9quipe<\/h2>\n\n\n<p>Chez Siddiky Law, nous valorisons la justice, l'\u00e9galit\u00e9 et la r\u00e9silience. Notre \u00e9quipe de professionnels estim\u00e9s est l\u00e0 pour vous aider \u00e0 r\u00e9pondre \u00e0 tous vos besoins.\u00a0<\/p>\n\n\n<div class=\"wp-block-columns is-layout-flex wp-container-core-columns-is-layout-794e3cfa wp-block-columns-is-layout-flex\">\n<div class=\"wp-block-column is-layout-flow wp-block-column-is-layout-flow\">\n<h2 class=\"wp-block-heading\"><strong>Avocate Sohana Sara Siddiky<\/strong><\/h2>\n<\/div>\n\n\n\n<div class=\"wp-block-column is-layout-flow wp-block-column-is-layout-flow\">\n<h2 class=\"wp-block-heading\"><strong>Avocat Shadman Siddiky<\/strong><\/h2>\n<\/div>\n<\/div>\n\n\n\n<figure class=\"wp-block-gallery has-nested-images columns-default is-cropped wp-block-gallery-1 is-layout-flex wp-block-gallery-is-layout-flex\">\n<figure class=\"wp-block-image size-full\"><a href=\"https:\/\/siddikylaw.com\/fr\/lawyer-sohana-sara-siddiky\/\"><img data-recalc-dims=\"1\" fetchpriority=\"high\" decoding=\"async\" width=\"900\" height=\"1350\" data-attachment-id=\"531\" data-permalink=\"https:\/\/siddikylaw.com\/fr\/our-team\/whatsapp-image-2024-05-24-at-14-24-28_9e071ec4\/\" data-orig-file=\"https:\/\/i0.wp.com\/siddikylaw.com\/wp-content\/uploads\/2024\/05\/WhatsApp-Image-2024-05-24-at-14.24.28_9e071ec4.jpg?fit=900%2C1350&amp;ssl=1\" data-orig-size=\"900,1350\" data-comments-opened=\"1\" data-image-meta=\"{&quot;aperture&quot;:&quot;0&quot;,&quot;credit&quot;:&quot;&quot;,&quot;camera&quot;:&quot;&quot;,&quot;caption&quot;:&quot;&quot;,&quot;created_timestamp&quot;:&quot;0&quot;,&quot;copyright&quot;:&quot;&quot;,&quot;focal_length&quot;:&quot;0&quot;,&quot;iso&quot;:&quot;0&quot;,&quot;shutter_speed&quot;:&quot;0&quot;,&quot;title&quot;:&quot;&quot;,&quot;orientation&quot;:&quot;0&quot;}\" data-image-title=\"WhatsApp-Image-2024-05-24-at-14.24.28_9e071ec4\" data-image-description=\"\" data-image-caption=\"&lt;p&gt;Lawyer Sohana Sara Siddiky&lt;\/p&gt;\" data-large-file=\"https:\/\/i0.wp.com\/siddikylaw.com\/wp-content\/uploads\/2024\/05\/WhatsApp-Image-2024-05-24-at-14.24.28_9e071ec4.jpg?fit=683%2C1024&amp;ssl=1\" data-id=\"531\" src=\"https:\/\/i0.wp.com\/siddikylaw.com\/wp-content\/uploads\/2024\/05\/WhatsApp-Image-2024-05-24-at-14.24.28_9e071ec4.jpg?resize=900%2C1350&#038;ssl=1\" alt=\"\" class=\"wp-image-531\" srcset=\"https:\/\/i0.wp.com\/siddikylaw.com\/wp-content\/uploads\/2024\/05\/WhatsApp-Image-2024-05-24-at-14.24.28_9e071ec4.jpg?w=900&amp;ssl=1 900w, https:\/\/i0.wp.com\/siddikylaw.com\/wp-content\/uploads\/2024\/05\/WhatsApp-Image-2024-05-24-at-14.24.28_9e071ec4.jpg?resize=200%2C300&amp;ssl=1 200w, https:\/\/i0.wp.com\/siddikylaw.com\/wp-content\/uploads\/2024\/05\/WhatsApp-Image-2024-05-24-at-14.24.28_9e071ec4.jpg?resize=683%2C1024&amp;ssl=1 683w, https:\/\/i0.wp.com\/siddikylaw.com\/wp-content\/uploads\/2024\/05\/WhatsApp-Image-2024-05-24-at-14.24.28_9e071ec4.jpg?resize=768%2C1152&amp;ssl=1 768w\" sizes=\"(max-width: 900px) 100vw, 900px\" \/><\/a><\/figure>\n\n\n\n<figure class=\"wp-block-image size-large\"><a href=\"https:\/\/siddikylaw.com\/fr\/lawyer-shadman-siddiky\/\"><img data-recalc-dims=\"1\" decoding=\"async\" width=\"2000\" height=\"3000\" data-attachment-id=\"74\" data-permalink=\"https:\/\/siddikylaw.com\/fr\/r6__9757\/\" data-orig-file=\"https:\/\/i0.wp.com\/siddikylaw.com\/wp-content\/uploads\/2023\/10\/r6__9757.jpg?fit=2000%2C3000&amp;ssl=1\" data-orig-size=\"2000,3000\" data-comments-opened=\"1\" data-image-meta=\"{&quot;aperture&quot;:&quot;0&quot;,&quot;credit&quot;:&quot;&quot;,&quot;camera&quot;:&quot;&quot;,&quot;caption&quot;:&quot;&quot;,&quot;created_timestamp&quot;:&quot;1695768487&quot;,&quot;copyright&quot;:&quot;&quot;,&quot;focal_length&quot;:&quot;0&quot;,&quot;iso&quot;:&quot;0&quot;,&quot;shutter_speed&quot;:&quot;0&quot;,&quot;title&quot;:&quot;&quot;,&quot;orientation&quot;:&quot;0&quot;}\" data-image-title=\"R6__9757\" data-image-description=\"\" data-image-caption=\"&lt;p&gt;Lawyer Shadman Siddiky&lt;\/p&gt;\" data-large-file=\"https:\/\/i0.wp.com\/siddikylaw.com\/wp-content\/uploads\/2023\/10\/r6__9757.jpg?fit=2000%2C3000&amp;ssl=1\" data-id=\"74\" src=\"https:\/\/i0.wp.com\/siddikylaw.com\/wp-content\/uploads\/2023\/10\/r6__9757.jpg?resize=2000%2C3000&#038;ssl=1\" alt=\"\" class=\"wp-image-74\"\/><\/a><\/figure>\n<\/figure>\n\n\n\n<div class=\"wp-block-columns is-layout-flex wp-container-core-columns-is-layout-794e3cfa wp-block-columns-is-layout-flex\">\n<div class=\"wp-block-column is-layout-flow wp-block-column-is-layout-flow\">\n<div class=\"wp-block-buttons is-content-justification-center is-layout-flex wp-container-core-buttons-is-layout-a0cd93e3 wp-block-buttons-is-layout-flex\">\n<div class=\"wp-block-button\"><a class=\"wp-block-button__link wp-element-button\" href=\"https:\/\/siddikylaw.com\/fr\/lawyer-sohana-sara-siddiky\/\">Bio de l'avocate Sohana Sara Siddiky<\/a><\/div>\n<\/div>\n<\/div>\n\n\n\n<div class=\"wp-block-column is-layout-flow wp-block-column-is-layout-flow\">\n<div class=\"wp-block-buttons is-content-justification-center is-layout-flex wp-container-core-buttons-is-layout-a0cd93e3 wp-block-buttons-is-layout-flex\">\n<div class=\"wp-block-button\"><a class=\"wp-block-button__link wp-element-button\" href=\"https:\/\/siddikylaw.com\/fr\/lawyer-shadman-siddiky\/\">Bio de l'avocat Shadman Siddiky<\/a><\/div>\n<\/div>\n<\/div>\n<\/div>","protected":false},"excerpt":{"rendered":"<p>Our Team Here at Siddiky Law we value justice, equality, and resilience. Our team of esteemed professionals is here to help you through all of your needs.\u00a0 Lawyer Sohana Sara Siddiky Lawyer Shadman Siddiky<\/p>","protected":false},"author":240680468,"featured_media":0,"parent":0,"menu_order":0,"comment_status":"closed","ping_status":"closed","template":"","meta":{"_acf_changed":false,"_crdt_document":"","inline_featured_image":false,"footnotes":""},"class_list":["post-201","page","type-page","status-publish","hentry"],"acf":[],"yoast_head":"<!-- This site is optimized with the Yoast SEO plugin v27.4 - https:\/\/yoast.com\/product\/yoast-seo-wordpress\/ -->\n<title>Our Team - Siddiky Law<\/title>\n<meta name=\"robots\" content=\"index, follow, max-snippet:-1, max-image-preview:large, max-video-preview:-1\" \/>\n<link rel=\"canonical\" href=\"https:\/\/siddikylaw.com\/fr\/our-team\/\" \/>\n<meta property=\"og:locale\" content=\"fr_CA\" \/>\n<meta property=\"og:type\" content=\"article\" \/>\n<meta property=\"og:title\" content=\"Our Team - Siddiky Law\" \/>\n<meta property=\"og:description\" content=\"Our Team Here at Siddiky Law we value justice, equality, and resilience. Our team of esteemed professionals is here to help you through all of your needs.\u00a0 Lawyer Sohana Sara Siddiky Lawyer Shadman Siddiky\" \/>\n<meta property=\"og:url\" content=\"https:\/\/siddikylaw.com\/fr\/our-team\/\" \/>\n<meta property=\"og:site_name\" content=\"Siddiky Law\" \/>\n<meta property=\"article:modified_time\" content=\"2024-08-20T15:56:48+00:00\" \/>\n<meta property=\"og:image\" content=\"https:\/\/siddikylaw.com\/wp-content\/uploads\/2024\/05\/WhatsApp-Image-2024-05-24-at-14.24.28_9e071ec4.jpg\" \/>\n<meta name=\"twitter:card\" content=\"summary_large_image\" \/>\n<meta name=\"twitter:label1\" content=\"Estimation du temps de lecture\" \/>\n\t<meta name=\"twitter:data1\" content=\"2 minutes\" \/>\n<script type=\"application\/ld+json\" class=\"yoast-schema-graph\">{\"@context\":\"https:\\\/\\\/schema.org\",\"@graph\":[{\"@type\":\"WebPage\",\"@id\":\"https:\\\/\\\/siddikylaw.com\\\/our-team\\\/\",\"url\":\"https:\\\/\\\/siddikylaw.com\\\/our-team\\\/\",\"name\":\"Our Team - Siddiky Law\",\"isPartOf\":{\"@id\":\"https:\\\/\\\/siddikylaw.com\\\/#website\"},\"primaryImageOfPage\":{\"@id\":\"https:\\\/\\\/siddikylaw.com\\\/our-team\\\/#primaryimage\"},\"image\":{\"@id\":\"https:\\\/\\\/siddikylaw.com\\\/our-team\\\/#primaryimage\"},\"thumbnailUrl\":\"https:\\\/\\\/siddikylaw.com\\\/wp-content\\\/uploads\\\/2024\\\/05\\\/WhatsApp-Image-2024-05-24-at-14.24.28_9e071ec4.jpg\",\"datePublished\":\"2023-11-11T17:55:03+00:00\",\"dateModified\":\"2024-08-20T15:56:48+00:00\",\"breadcrumb\":{\"@id\":\"https:\\\/\\\/siddikylaw.com\\\/our-team\\\/#breadcrumb\"},\"inLanguage\":\"fr-CA\",\"potentialAction\":[{\"@type\":\"ReadAction\",\"target\":[\"https:\\\/\\\/siddikylaw.com\\\/our-team\\\/\"]}]},{\"@type\":\"ImageObject\",\"inLanguage\":\"fr-CA\",\"@id\":\"https:\\\/\\\/siddikylaw.com\\\/our-team\\\/#primaryimage\",\"url\":\"https:\\\/\\\/siddikylaw.com\\\/wp-content\\\/uploads\\\/2024\\\/05\\\/WhatsApp-Image-2024-05-24-at-14.24.28_9e071ec4.jpg\",\"contentUrl\":\"https:\\\/\\\/siddikylaw.com\\\/wp-content\\\/uploads\\\/2024\\\/05\\\/WhatsApp-Image-2024-05-24-at-14.24.28_9e071ec4.jpg\"},{\"@type\":\"BreadcrumbList\",\"@id\":\"https:\\\/\\\/siddikylaw.com\\\/our-team\\\/#breadcrumb\",\"itemListElement\":[{\"@type\":\"ListItem\",\"position\":1,\"name\":\"Home\",\"item\":\"https:\\\/\\\/siddikylaw.com\\\/\"},{\"@type\":\"ListItem\",\"position\":2,\"name\":\"Our Team\"}]},{\"@type\":\"WebSite\",\"@id\":\"https:\\\/\\\/siddikylaw.com\\\/#website\",\"url\":\"https:\\\/\\\/siddikylaw.com\\\/\",\"name\":\"Siddiky Law\",\"description\":\"Siddiky Law Firm | Immigration Law\",\"publisher\":{\"@id\":\"https:\\\/\\\/siddikylaw.com\\\/#organization\"},\"potentialAction\":[{\"@type\":\"SearchAction\",\"target\":{\"@type\":\"EntryPoint\",\"urlTemplate\":\"https:\\\/\\\/siddikylaw.com\\\/?s={search_term_string}\"},\"query-input\":{\"@type\":\"PropertyValueSpecification\",\"valueRequired\":true,\"valueName\":\"search_term_string\"}}],\"inLanguage\":\"fr-CA\"},{\"@type\":\"Organization\",\"@id\":\"https:\\\/\\\/siddikylaw.com\\\/#organization\",\"name\":\"Siddiky Law\",\"url\":\"https:\\\/\\\/siddikylaw.com\\\/\",\"logo\":{\"@type\":\"ImageObject\",\"inLanguage\":\"fr-CA\",\"@id\":\"https:\\\/\\\/siddikylaw.com\\\/#\\\/schema\\\/logo\\\/image\\\/\",\"url\":\"https:\\\/\\\/i0.wp.com\\\/siddikylaw.com\\\/wp-content\\\/uploads\\\/2023\\\/10\\\/logo_full_light402x.png?fit=3184%2C1364&ssl=1\",\"contentUrl\":\"https:\\\/\\\/i0.wp.com\\\/siddikylaw.com\\\/wp-content\\\/uploads\\\/2023\\\/10\\\/logo_full_light402x.png?fit=3184%2C1364&ssl=1\",\"width\":3184,\"height\":1364,\"caption\":\"Siddiky Law\"},\"image\":{\"@id\":\"https:\\\/\\\/siddikylaw.com\\\/#\\\/schema\\\/logo\\\/image\\\/\"}}]}<\/script>\n<!-- \/ Yoast SEO plugin. -->","yoast_head_json":{"title":"Our Team - Siddiky Law","robots":{"index":"index","follow":"follow","max-snippet":"max-snippet:-1","max-image-preview":"max-image-preview:large","max-video-preview":"max-video-preview:-1"},"canonical":"https:\/\/siddikylaw.com\/fr\/our-team\/","og_locale":"fr_CA","og_type":"article","og_title":"Our Team - Siddiky Law","og_description":"Our Team Here at Siddiky Law we value justice, equality, and resilience. Our team of esteemed professionals is here to help you through all of your needs.\u00a0 Lawyer Sohana Sara Siddiky Lawyer Shadman Siddiky","og_url":"https:\/\/siddikylaw.com\/fr\/our-team\/","og_site_name":"Siddiky Law","article_modified_time":"2024-08-20T15:56:48+00:00","og_image":[{"url":"https:\/\/siddikylaw.com\/wp-content\/uploads\/2024\/05\/WhatsApp-Image-2024-05-24-at-14.24.28_9e071ec4.jpg","type":"","width":"","height":""}],"twitter_card":"summary_large_image","twitter_misc":{"Estimation du temps de lecture":"2 minutes"},"schema":{"@context":"https:\/\/schema.org","@graph":[{"@type":"WebPage","@id":"https:\/\/siddikylaw.com\/our-team\/","url":"https:\/\/siddikylaw.com\/our-team\/","name":"Our Team - Siddiky Law","isPartOf":{"@id":"https:\/\/siddikylaw.com\/#website"},"primaryImageOfPage":{"@id":"https:\/\/siddikylaw.com\/our-team\/#primaryimage"},"image":{"@id":"https:\/\/siddikylaw.com\/our-team\/#primaryimage"},"thumbnailUrl":"https:\/\/siddikylaw.com\/wp-content\/uploads\/2024\/05\/WhatsApp-Image-2024-05-24-at-14.24.28_9e071ec4.jpg","datePublished":"2023-11-11T17:55:03+00:00","dateModified":"2024-08-20T15:56:48+00:00","breadcrumb":{"@id":"https:\/\/siddikylaw.com\/our-team\/#breadcrumb"},"inLanguage":"fr-CA","potentialAction":[{"@type":"ReadAction","target":["https:\/\/siddikylaw.com\/our-team\/"]}]},{"@type":"ImageObject","inLanguage":"fr-CA","@id":"https:\/\/siddikylaw.com\/our-team\/#primaryimage","url":"https:\/\/siddikylaw.com\/wp-content\/uploads\/2024\/05\/WhatsApp-Image-2024-05-24-at-14.24.28_9e071ec4.jpg","contentUrl":"https:\/\/siddikylaw.com\/wp-content\/uploads\/2024\/05\/WhatsApp-Image-2024-05-24-at-14.24.28_9e071ec4.jpg"},{"@type":"BreadcrumbList","@id":"https:\/\/siddikylaw.com\/our-team\/#breadcrumb","itemListElement":[{"@type":"ListItem","position":1,"name":"Home","item":"https:\/\/siddikylaw.com\/"},{"@type":"ListItem","position":2,"name":"Our Team"}]},{"@type":"WebSite","@id":"https:\/\/siddikylaw.com\/#website","url":"https:\/\/siddikylaw.com\/","name":"Siddiky Law","description":"Siddiky Law Firm | Immigration Law","publisher":{"@id":"https:\/\/siddikylaw.com\/#organization"},"potentialAction":[{"@type":"SearchAction","target":{"@type":"EntryPoint","urlTemplate":"https:\/\/siddikylaw.com\/?s={search_term_string}"},"query-input":{"@type":"PropertyValueSpecification","valueRequired":true,"valueName":"search_term_string"}}],"inLanguage":"fr-CA"},{"@type":"Organization","@id":"https:\/\/siddikylaw.com\/#organization","name":"Siddiky Law","url":"https:\/\/siddikylaw.com\/","logo":{"@type":"ImageObject","inLanguage":"fr-CA","@id":"https:\/\/siddikylaw.com\/#\/schema\/logo\/image\/","url":"https:\/\/i0.wp.com\/siddikylaw.com\/wp-content\/uploads\/2023\/10\/logo_full_light402x.png?fit=3184%2C1364&ssl=1","contentUrl":"https:\/\/i0.wp.com\/siddikylaw.com\/wp-content\/uploads\/2023\/10\/logo_full_light402x.png?fit=3184%2C1364&ssl=1","width":3184,"height":1364,"caption":"Siddiky Law"},"image":{"@id":"https:\/\/siddikylaw.com\/#\/schema\/logo\/image\/"}}]}},"jetpack_likes_enabled":true,"jetpack_sharing_enabled":true,"jetpack_shortlink":"https:\/\/wp.me\/PfauUB-3f","jetpack-related-posts":[],"_links":{"self":[{"href":"https:\/\/siddikylaw.com\/fr\/wp-json\/wp\/v2\/pages\/201","targetHints":{"allow":["GET"]}}],"collection":[{"href":"https:\/\/siddikylaw.com\/fr\/wp-json\/wp\/v2\/pages"}],"about":[{"href":"https:\/\/siddikylaw.com\/fr\/wp-json\/wp\/v2\/types\/page"}],"author":[{"embeddable":true,"href":"https:\/\/siddikylaw.com\/fr\/wp-json\/wp\/v2\/users\/240680468"}],"replies":[{"embeddable":true,"href":"https:\/\/siddikylaw.com\/fr\/wp-json\/wp\/v2\/comments?post=201"}],"version-history":[{"count":88,"href":"https:\/\/siddikylaw.com\/fr\/wp-json\/wp\/v2\/pages\/201\/revisions"}],"predecessor-version":[{"id":1115,"href":"https:\/\/siddikylaw.com\/fr\/wp-json\/wp\/v2\/pages\/201\/revisions\/1115"}],"wp:attachment":[{"href":"https:\/\/siddikylaw.com\/fr\/wp-json\/wp\/v2\/media?parent=201"}],"curies":[{"name":"wp","href":"https:\/\/api.w.org\/{rel}","templated":true}]}}