{"id":490,"date":"2024-05-24T15:01:37","date_gmt":"2024-05-24T19:01:37","guid":{"rendered":"https:\/\/siddikylaw.com\/?page_id=490"},"modified":"2024-08-16T14:56:34","modified_gmt":"2024-08-16T18:56:34","slug":"study-permits","status":"publish","type":"page","link":"https:\/\/siddikylaw.com\/fr\/study-permits\/","title":{"rendered":"Permis d'\u00e9tudes"},"content":{"rendered":"<div class=\"wp-block-cover\" style=\"min-height:382px;aspect-ratio:unset;\"><span aria-hidden=\"true\" class=\"wp-block-cover__background has-background-dim\"><\/span><img data-recalc-dims=\"1\" fetchpriority=\"high\" decoding=\"async\" width=\"1200\" height=\"800\" data-attachment-id=\"654\" data-permalink=\"https:\/\/siddikylaw.com\/fr\/study-permits\/schoolboard-2\/\" data-orig-file=\"https:\/\/i0.wp.com\/siddikylaw.com\/wp-content\/uploads\/2024\/07\/schoolboard-1.webp?fit=1200%2C800&amp;ssl=1\" data-orig-size=\"1200,800\" data-comments-opened=\"1\" data-image-meta=\"{&quot;aperture&quot;:&quot;0&quot;,&quot;credit&quot;:&quot;&quot;,&quot;camera&quot;:&quot;&quot;,&quot;caption&quot;:&quot;&quot;,&quot;created_timestamp&quot;:&quot;0&quot;,&quot;copyright&quot;:&quot;&quot;,&quot;focal_length&quot;:&quot;0&quot;,&quot;iso&quot;:&quot;0&quot;,&quot;shutter_speed&quot;:&quot;0&quot;,&quot;title&quot;:&quot;&quot;,&quot;orientation&quot;:&quot;0&quot;}\" data-image-title=\"schoolboard\" data-image-description=\"\" data-image-caption=\"\" data-large-file=\"https:\/\/i0.wp.com\/siddikylaw.com\/wp-content\/uploads\/2024\/07\/schoolboard-1.webp?fit=1024%2C683&amp;ssl=1\" class=\"wp-block-cover__image-background wp-image-654\" alt=\"\" src=\"https:\/\/i0.wp.com\/siddikylaw.com\/wp-content\/uploads\/2024\/07\/schoolboard-1.webp?resize=1200%2C800&#038;ssl=1\" style=\"object-position:58% 100%\" data-object-fit=\"cover\" data-object-position=\"58% 100%\" srcset=\"https:\/\/i0.wp.com\/siddikylaw.com\/wp-content\/uploads\/2024\/07\/schoolboard-1.webp?w=1200&amp;ssl=1 1200w, https:\/\/i0.wp.com\/siddikylaw.com\/wp-content\/uploads\/2024\/07\/schoolboard-1.webp?resize=300%2C200&amp;ssl=1 300w, https:\/\/i0.wp.com\/siddikylaw.com\/wp-content\/uploads\/2024\/07\/schoolboard-1.webp?resize=1024%2C683&amp;ssl=1 1024w, https:\/\/i0.wp.com\/siddikylaw.com\/wp-content\/uploads\/2024\/07\/schoolboard-1.webp?resize=768%2C512&amp;ssl=1 768w, https:\/\/i0.wp.com\/siddikylaw.com\/wp-content\/uploads\/2024\/07\/schoolboard-1.webp?resize=18%2C12&amp;ssl=1 18w\" sizes=\"(max-width: 1000px) 100vw, 1000px\" \/><div class=\"wp-block-cover__inner-container has-global-padding is-layout-constrained wp-block-cover-is-layout-constrained\">\n<p class=\"has-text-align-center has-primary-color has-text-color has-link-color has-inter-font-family has-x-large-font-size wp-elements-95a861f478e2be0586ccaab9d48a9313 wp-block-paragraph\"><strong>Permis d'\u00e9tudes<\/strong><\/p>\n<\/div><\/div>\n\n\n\n<div class=\"wp-block-group is-layout-grid wp-container-core-group-is-layout-9216a57d wp-block-group-is-layout-grid\">\n<p class=\"has-inter-font-family wp-block-paragraph\">Gr\u00e2ce \u00e0 notre service concernant les permis d'\u00e9tudes, vous pourrez profiter des possibilit\u00e9s d'apprentissage \u00e0 l'\u00e9chelle mondiale sans effort. Notre \u00e9quipe rationalisera le processus pour les \u00e9tudiants qui poursuivent leurs \u00e9tudes \u00e0 l'\u00e9tranger, assurant une transition en douceur vers la r\u00e9ussite acad\u00e9mique.<\/p>\n\n\n\n<p class=\"has-inter-font-family wp-container-content-69bc4bdf wp-block-paragraph\">Faites-nous confiance pour g\u00e9rer les complexit\u00e9s juridiques pendant que vous entreprenez votre voyage \u00e9ducatif en toute confiance. Le Canada offre une grande vari\u00e9t\u00e9 d'\u00e9coles et nous pouvons vous aider \u00e0 vous installer afin que vous puissiez choisir celle qui vous convient le mieux.  <\/p>\n\n\n\n<p class=\"has-inter-font-family wp-block-paragraph\">Votre permis est valable aussi longtemps que vous pr\u00e9voyez d'\u00e9tudier dans l'\u00e9tablissement de votre choix. Si vous d\u00e9cidez de prolonger cette dur\u00e9e, vous pouvez demander une prolongation aupr\u00e8s d'un bureau d'immigration canadien au Canada.<\/p>\n<\/div>\n\n\n\n<h2 class=\"wp-block-heading\">De quoi ai-je besoin?<\/h2>\n\n\n\n<p class=\"wp-block-paragraph\">Pour demander un permis d'\u00e9tudes au Canada, vous avez g\u00e9n\u00e9ralement besoin des \u00e9l\u00e9ments suivants:<\/p>\n\n\n\n<ul class=\"wp-block-list\">\n<li><strong>Preuve d'acceptation<\/strong><\/li>\n\n\n\n<li><strong>Preuve d'identit\u00e9<\/strong><\/li>\n\n\n\n<li><strong>Preuve de soutien financier<\/strong><\/li>\n\n\n\n<li><strong>Examen m\u00e9dical d'immigration<\/strong><\/li>\n\n\n\n<li><strong>Certificat de police<\/strong><\/li>\n\n\n\n<li><strong>Frais de dossier<\/strong><\/li>\n\n\n\n<li><strong>Lettre de motivation<\/strong><\/li>\n\n\n\n<li><strong>Preuve d'\u00e9tudes ant\u00e9rieures<\/strong><\/li>\n\n\n\n<li><strong>Preuve de comp\u00e9tence linguistique<\/strong><\/li>\n<\/ul>\n\n\n\n<p class=\"wp-block-paragraph\">Nous vous aiderons \u00e0 vous assurer que tous vos documents sont en ordre et \u00e0 entamer rapidement votre parcours \u00e9ducatif.<\/p>\n\n\n\n<p class=\"wp-container-content-69bc4bdf wp-block-paragraph\"><strong>Commencez votre processus de candidature<\/strong><br>Pour savoir comment l'\u00e9quipe de Siddiky Law peut vous aider, et pour plus d'informations, veuillez prendre rendez-vous afin que nous puissions \u00e9valuer vos besoins sp\u00e9cifiques. Vous pouvez nous joindre \u00e0 notre bureau de l'Est au (514) 522-2320, ou nous envoyer un courriel \u00e0 reception@siddikylaw.com pour prendre rendez-vous. Vous pouvez \u00e9galement nous contacter \u00e0 notre bureau central au (514) 556-8932 ou \u00e0 ssiddiky1@gmail.com pour prendre rendez-vous.<\/p>","protected":false},"excerpt":{"rendered":"<p>Unlock global learning opportunities effortlessly with our Study Permits service. Our team will streamline the process for students pursuing education abroad, ensuring a smooth transition to academic success. Trust us to handle the legal intricacies while you embark on your educational journey with confidence. Canada has a wide variety of schools to choose from and [&hellip;]<\/p>\n","protected":false},"author":241199961,"featured_media":0,"parent":0,"menu_order":0,"comment_status":"closed","ping_status":"closed","template":"","meta":{"_acf_changed":false,"_crdt_document":"","inline_featured_image":false,"footnotes":""},"class_list":["post-490","page","type-page","status-publish","hentry"],"acf":[],"yoast_head":"<!-- This site is optimized with the Yoast SEO plugin v27.4 - https:\/\/yoast.com\/product\/yoast-seo-wordpress\/ -->\n<title>Study Permits - Siddiky Law<\/title>\n<meta name=\"robots\" content=\"index, follow, max-snippet:-1, max-image-preview:large, max-video-preview:-1\" \/>\n<link rel=\"canonical\" href=\"https:\/\/siddikylaw.com\/fr\/study-permits\/\" \/>\n<meta property=\"og:locale\" content=\"fr_CA\" \/>\n<meta property=\"og:type\" content=\"article\" \/>\n<meta property=\"og:title\" content=\"Study Permits - Siddiky Law\" \/>\n<meta property=\"og:description\" content=\"Unlock global learning opportunities effortlessly with our Study Permits service. Our team will streamline the process for students pursuing education abroad, ensuring a smooth transition to academic success. Trust us to handle the legal intricacies while you embark on your educational journey with confidence. Canada has a wide variety of schools to choose from and [&hellip;]\" \/>\n<meta property=\"og:url\" content=\"https:\/\/siddikylaw.com\/fr\/study-permits\/\" \/>\n<meta property=\"og:site_name\" content=\"Siddiky Law\" \/>\n<meta property=\"article:modified_time\" content=\"2024-08-16T18:56:34+00:00\" \/>\n<meta property=\"og:image\" content=\"https:\/\/siddikylaw.com\/wp-content\/uploads\/2024\/07\/schoolboard-1.webp\" \/>\n<meta name=\"twitter:card\" content=\"summary_large_image\" \/>\n<meta name=\"twitter:label1\" content=\"Estimation du temps de lecture\" \/>\n\t<meta name=\"twitter:data1\" content=\"2 minutes\" \/>\n<script type=\"application\/ld+json\" class=\"yoast-schema-graph\">{\"@context\":\"https:\\\/\\\/schema.org\",\"@graph\":[{\"@type\":\"WebPage\",\"@id\":\"https:\\\/\\\/siddikylaw.com\\\/study-permits\\\/\",\"url\":\"https:\\\/\\\/siddikylaw.com\\\/study-permits\\\/\",\"name\":\"Study Permits - Siddiky Law\",\"isPartOf\":{\"@id\":\"https:\\\/\\\/siddikylaw.com\\\/#website\"},\"primaryImageOfPage\":{\"@id\":\"https:\\\/\\\/siddikylaw.com\\\/study-permits\\\/#primaryimage\"},\"image\":{\"@id\":\"https:\\\/\\\/siddikylaw.com\\\/study-permits\\\/#primaryimage\"},\"thumbnailUrl\":\"https:\\\/\\\/siddikylaw.com\\\/wp-content\\\/uploads\\\/2024\\\/07\\\/schoolboard-1.webp\",\"datePublished\":\"2024-05-24T19:01:37+00:00\",\"dateModified\":\"2024-08-16T18:56:34+00:00\",\"breadcrumb\":{\"@id\":\"https:\\\/\\\/siddikylaw.com\\\/study-permits\\\/#breadcrumb\"},\"inLanguage\":\"fr-CA\",\"potentialAction\":[{\"@type\":\"ReadAction\",\"target\":[\"https:\\\/\\\/siddikylaw.com\\\/study-permits\\\/\"]}]},{\"@type\":\"ImageObject\",\"inLanguage\":\"fr-CA\",\"@id\":\"https:\\\/\\\/siddikylaw.com\\\/study-permits\\\/#primaryimage\",\"url\":\"https:\\\/\\\/siddikylaw.com\\\/wp-content\\\/uploads\\\/2024\\\/07\\\/schoolboard-1.webp\",\"contentUrl\":\"https:\\\/\\\/siddikylaw.com\\\/wp-content\\\/uploads\\\/2024\\\/07\\\/schoolboard-1.webp\"},{\"@type\":\"BreadcrumbList\",\"@id\":\"https:\\\/\\\/siddikylaw.com\\\/study-permits\\\/#breadcrumb\",\"itemListElement\":[{\"@type\":\"ListItem\",\"position\":1,\"name\":\"Home\",\"item\":\"https:\\\/\\\/siddikylaw.com\\\/\"},{\"@type\":\"ListItem\",\"position\":2,\"name\":\"Study Permits\"}]},{\"@type\":\"WebSite\",\"@id\":\"https:\\\/\\\/siddikylaw.com\\\/#website\",\"url\":\"https:\\\/\\\/siddikylaw.com\\\/\",\"name\":\"Siddiky Law\",\"description\":\"Siddiky Law Firm | Immigration Law\",\"publisher\":{\"@id\":\"https:\\\/\\\/siddikylaw.com\\\/#organization\"},\"potentialAction\":[{\"@type\":\"SearchAction\",\"target\":{\"@type\":\"EntryPoint\",\"urlTemplate\":\"https:\\\/\\\/siddikylaw.com\\\/?s={search_term_string}\"},\"query-input\":{\"@type\":\"PropertyValueSpecification\",\"valueRequired\":true,\"valueName\":\"search_term_string\"}}],\"inLanguage\":\"fr-CA\"},{\"@type\":\"Organization\",\"@id\":\"https:\\\/\\\/siddikylaw.com\\\/#organization\",\"name\":\"Siddiky Law\",\"url\":\"https:\\\/\\\/siddikylaw.com\\\/\",\"logo\":{\"@type\":\"ImageObject\",\"inLanguage\":\"fr-CA\",\"@id\":\"https:\\\/\\\/siddikylaw.com\\\/#\\\/schema\\\/logo\\\/image\\\/\",\"url\":\"https:\\\/\\\/i0.wp.com\\\/siddikylaw.com\\\/wp-content\\\/uploads\\\/2023\\\/10\\\/logo_full_light402x.png?fit=3184%2C1364&ssl=1\",\"contentUrl\":\"https:\\\/\\\/i0.wp.com\\\/siddikylaw.com\\\/wp-content\\\/uploads\\\/2023\\\/10\\\/logo_full_light402x.png?fit=3184%2C1364&ssl=1\",\"width\":3184,\"height\":1364,\"caption\":\"Siddiky Law\"},\"image\":{\"@id\":\"https:\\\/\\\/siddikylaw.com\\\/#\\\/schema\\\/logo\\\/image\\\/\"}}]}<\/script>\n<!-- \/ Yoast SEO plugin. -->","yoast_head_json":{"title":"Study Permits - Siddiky Law","robots":{"index":"index","follow":"follow","max-snippet":"max-snippet:-1","max-image-preview":"max-image-preview:large","max-video-preview":"max-video-preview:-1"},"canonical":"https:\/\/siddikylaw.com\/fr\/study-permits\/","og_locale":"fr_CA","og_type":"article","og_title":"Study Permits - Siddiky Law","og_description":"Unlock global learning opportunities effortlessly with our Study Permits service. Our team will streamline the process for students pursuing education abroad, ensuring a smooth transition to academic success. Trust us to handle the legal intricacies while you embark on your educational journey with confidence. Canada has a wide variety of schools to choose from and [&hellip;]","og_url":"https:\/\/siddikylaw.com\/fr\/study-permits\/","og_site_name":"Siddiky Law","article_modified_time":"2024-08-16T18:56:34+00:00","og_image":[{"url":"https:\/\/siddikylaw.com\/wp-content\/uploads\/2024\/07\/schoolboard-1.webp","type":"","width":"","height":""}],"twitter_card":"summary_large_image","twitter_misc":{"Estimation du temps de lecture":"2 minutes"},"schema":{"@context":"https:\/\/schema.org","@graph":[{"@type":"WebPage","@id":"https:\/\/siddikylaw.com\/study-permits\/","url":"https:\/\/siddikylaw.com\/study-permits\/","name":"Study Permits - Siddiky Law","isPartOf":{"@id":"https:\/\/siddikylaw.com\/#website"},"primaryImageOfPage":{"@id":"https:\/\/siddikylaw.com\/study-permits\/#primaryimage"},"image":{"@id":"https:\/\/siddikylaw.com\/study-permits\/#primaryimage"},"thumbnailUrl":"https:\/\/siddikylaw.com\/wp-content\/uploads\/2024\/07\/schoolboard-1.webp","datePublished":"2024-05-24T19:01:37+00:00","dateModified":"2024-08-16T18:56:34+00:00","breadcrumb":{"@id":"https:\/\/siddikylaw.com\/study-permits\/#breadcrumb"},"inLanguage":"fr-CA","potentialAction":[{"@type":"ReadAction","target":["https:\/\/siddikylaw.com\/study-permits\/"]}]},{"@type":"ImageObject","inLanguage":"fr-CA","@id":"https:\/\/siddikylaw.com\/study-permits\/#primaryimage","url":"https:\/\/siddikylaw.com\/wp-content\/uploads\/2024\/07\/schoolboard-1.webp","contentUrl":"https:\/\/siddikylaw.com\/wp-content\/uploads\/2024\/07\/schoolboard-1.webp"},{"@type":"BreadcrumbList","@id":"https:\/\/siddikylaw.com\/study-permits\/#breadcrumb","itemListElement":[{"@type":"ListItem","position":1,"name":"Home","item":"https:\/\/siddikylaw.com\/"},{"@type":"ListItem","position":2,"name":"Study Permits"}]},{"@type":"WebSite","@id":"https:\/\/siddikylaw.com\/#website","url":"https:\/\/siddikylaw.com\/","name":"Siddiky Law","description":"Siddiky Law Firm | Immigration Law","publisher":{"@id":"https:\/\/siddikylaw.com\/#organization"},"potentialAction":[{"@type":"SearchAction","target":{"@type":"EntryPoint","urlTemplate":"https:\/\/siddikylaw.com\/?s={search_term_string}"},"query-input":{"@type":"PropertyValueSpecification","valueRequired":true,"valueName":"search_term_string"}}],"inLanguage":"fr-CA"},{"@type":"Organization","@id":"https:\/\/siddikylaw.com\/#organization","name":"Siddiky Law","url":"https:\/\/siddikylaw.com\/","logo":{"@type":"ImageObject","inLanguage":"fr-CA","@id":"https:\/\/siddikylaw.com\/#\/schema\/logo\/image\/","url":"https:\/\/i0.wp.com\/siddikylaw.com\/wp-content\/uploads\/2023\/10\/logo_full_light402x.png?fit=3184%2C1364&ssl=1","contentUrl":"https:\/\/i0.wp.com\/siddikylaw.com\/wp-content\/uploads\/2023\/10\/logo_full_light402x.png?fit=3184%2C1364&ssl=1","width":3184,"height":1364,"caption":"Siddiky Law"},"image":{"@id":"https:\/\/siddikylaw.com\/#\/schema\/logo\/image\/"}}]}},"jetpack_likes_enabled":true,"jetpack_sharing_enabled":true,"jetpack_shortlink":"https:\/\/wp.me\/PfauUB-7U","jetpack-related-posts":[],"_links":{"self":[{"href":"https:\/\/siddikylaw.com\/fr\/wp-json\/wp\/v2\/pages\/490","targetHints":{"allow":["GET"]}}],"collection":[{"href":"https:\/\/siddikylaw.com\/fr\/wp-json\/wp\/v2\/pages"}],"about":[{"href":"https:\/\/siddikylaw.com\/fr\/wp-json\/wp\/v2\/types\/page"}],"author":[{"embeddable":true,"href":"https:\/\/siddikylaw.com\/fr\/wp-json\/wp\/v2\/users\/241199961"}],"replies":[{"embeddable":true,"href":"https:\/\/siddikylaw.com\/fr\/wp-json\/wp\/v2\/comments?post=490"}],"version-history":[{"count":25,"href":"https:\/\/siddikylaw.com\/fr\/wp-json\/wp\/v2\/pages\/490\/revisions"}],"predecessor-version":[{"id":1036,"href":"https:\/\/siddikylaw.com\/fr\/wp-json\/wp\/v2\/pages\/490\/revisions\/1036"}],"wp:attachment":[{"href":"https:\/\/siddikylaw.com\/fr\/wp-json\/wp\/v2\/media?parent=490"}],"curies":[{"name":"wp","href":"https:\/\/api.w.org\/{rel}","templated":true}]}}