{"id":491,"date":"2024-05-24T15:01:46","date_gmt":"2024-05-24T19:01:46","guid":{"rendered":"https:\/\/siddikylaw.com\/?page_id=491"},"modified":"2024-08-20T13:21:01","modified_gmt":"2024-08-20T17:21:01","slug":"work-permits","status":"publish","type":"page","link":"https:\/\/siddikylaw.com\/fr\/work-permits\/","title":{"rendered":"Permis de travail"},"content":{"rendered":"<div class=\"wp-block-cover is-light\"><span aria-hidden=\"true\" class=\"wp-block-cover__background has-background-background-color has-background-dim-30 has-background-dim\"><\/span><img data-recalc-dims=\"1\" fetchpriority=\"high\" decoding=\"async\" width=\"2000\" height=\"1333\" data-attachment-id=\"700\" data-permalink=\"https:\/\/siddikylaw.com\/fr\/work-permits\/workers-feeling-479\/\" data-orig-file=\"https:\/\/i0.wp.com\/siddikylaw.com\/wp-content\/uploads\/2024\/08\/workers-feeling-479.webp?fit=2000%2C1333&amp;ssl=1\" data-orig-size=\"2000,1333\" data-comments-opened=\"1\" data-image-meta=\"{&quot;aperture&quot;:&quot;0&quot;,&quot;credit&quot;:&quot;&quot;,&quot;camera&quot;:&quot;&quot;,&quot;caption&quot;:&quot;&quot;,&quot;created_timestamp&quot;:&quot;0&quot;,&quot;copyright&quot;:&quot;&quot;,&quot;focal_length&quot;:&quot;0&quot;,&quot;iso&quot;:&quot;0&quot;,&quot;shutter_speed&quot;:&quot;0&quot;,&quot;title&quot;:&quot;&quot;,&quot;orientation&quot;:&quot;0&quot;}\" data-image-title=\"workers-feeling-479\" data-image-description=\"\" data-image-caption=\"\" data-large-file=\"https:\/\/i0.wp.com\/siddikylaw.com\/wp-content\/uploads\/2024\/08\/workers-feeling-479.webp?fit=1024%2C682&amp;ssl=1\" class=\"wp-block-cover__image-background wp-image-700\" alt=\"\" src=\"https:\/\/i0.wp.com\/siddikylaw.com\/wp-content\/uploads\/2024\/08\/workers-feeling-479.webp?resize=2000%2C1333&#038;ssl=1\" data-object-fit=\"cover\" srcset=\"https:\/\/i0.wp.com\/siddikylaw.com\/wp-content\/uploads\/2024\/08\/workers-feeling-479.webp?w=2000&amp;ssl=1 2000w, https:\/\/i0.wp.com\/siddikylaw.com\/wp-content\/uploads\/2024\/08\/workers-feeling-479.webp?resize=300%2C200&amp;ssl=1 300w, https:\/\/i0.wp.com\/siddikylaw.com\/wp-content\/uploads\/2024\/08\/workers-feeling-479.webp?resize=1024%2C682&amp;ssl=1 1024w, https:\/\/i0.wp.com\/siddikylaw.com\/wp-content\/uploads\/2024\/08\/workers-feeling-479.webp?resize=768%2C512&amp;ssl=1 768w, https:\/\/i0.wp.com\/siddikylaw.com\/wp-content\/uploads\/2024\/08\/workers-feeling-479.webp?resize=1536%2C1024&amp;ssl=1 1536w, https:\/\/i0.wp.com\/siddikylaw.com\/wp-content\/uploads\/2024\/08\/workers-feeling-479.webp?resize=18%2C12&amp;ssl=1 18w, https:\/\/i0.wp.com\/siddikylaw.com\/wp-content\/uploads\/2024\/08\/workers-feeling-479.webp?resize=1200%2C800&amp;ssl=1 1200w\" sizes=\"(max-width: 1000px) 100vw, 1000px\" \/><div class=\"wp-block-cover__inner-container has-global-padding is-layout-constrained wp-block-cover-is-layout-constrained\">\n<p class=\"has-text-align-center has-foreground-color has-text-color has-link-color has-x-large-font-size wp-elements-081a0de54d177b6c13227e048c2e5693 wp-block-paragraph\"><strong>Permis de travail<\/strong><\/p>\n<\/div><\/div>\n\n\n\n<h2 class=\"wp-block-heading\"><strong>Permis de travail<\/strong><\/h2>\n\n\n\n<p class=\"wp-block-paragraph\">Nos service de permis de travail vous permet d'acc\u00e9der en toute transparence \u00e0 des opportunit\u00e9s de carri\u00e8re internationale. Notre \u00e9quipe juridique propose des solutions sur mesure aux particuliers et aux entreprises, garantissant des transitions en douceur et des r\u00e9sultats fructueux. Laissez-nous g\u00e9rer les complexit\u00e9s pendant que vous vous concentrez sur votre parcours professionnel.<\/p>\n\n\n\n<h2 class=\"wp-block-heading\">Types de permis de travail<\/h2>\n\n\n\n<p class=\"wp-block-paragraph\">Le Canada propose plusieurs types de permis de travail, chacun adapt\u00e9 \u00e0 des circonstances et \u00e0 des cat\u00e9gories d'emploi diff\u00e9rentes. Les principales cat\u00e9gories sont les suivantes<\/p>\n\n\n\n<ul class=\"wp-block-list\">\n<li><strong>Permis de travail ouvert<\/strong>: Permet aux personnes de travailler pour n'importe quel employeur au Canada, \u00e0 quelques exceptions pr\u00e8s. Ce permis est souvent disponible pour les conjoints des travailleurs qualifi\u00e9s et des \u00e9tudiants internationaux, ainsi que pour les personnes ayant le statut de r\u00e9sident temporaire.<\/li>\n<\/ul>\n\n\n\n<ul class=\"wp-block-list\">\n<li><strong>Permis de travail sp\u00e9cifiques \u00e0 l'employeur<\/strong>: Li\u00e9 \u00e0 un employeur, \u00e0 un emploi et \u00e0 un lieu sp\u00e9cifiques. Les employeurs doivent d'abord obtenir une \u00e9valuation de l'impact sur le march\u00e9 du travail (EIMT) pour d\u00e9montrer que l'embauche d'un travailleur \u00e9tranger n'aura pas d'impact n\u00e9gatif sur le march\u00e9 du travail canadien.<\/li>\n<\/ul>\n\n\n\n<ul class=\"wp-block-list\">\n<li><strong>Exp\u00e9rience internationale Canada (EIC)<\/strong>: Con\u00e7u pour permettre aux jeunes de certains pays d'acqu\u00e9rir une exp\u00e9rience professionnelle au Canada gr\u00e2ce \u00e0 des programmes tels que Working Holiday, Young Professionals et International Co-op.<\/li>\n<\/ul>\n\n\n\n<h2 class=\"wp-block-heading\">Comment l'obtenir ?<\/h2>\n\n\n\n<p class=\"wp-block-paragraph\">La proc\u00e9dure d'obtention d'un permis de travail comporte plusieurs \u00e9tapes cl\u00e9s pour lesquelles nous vous aiderons avec bonheur :<\/p>\n\n\n\n<ol class=\"wp-block-list\">\n<li><strong>D\u00e9terminer l'\u00e9ligibilit\u00e9<\/strong>: Nous \u00e9valuerons quel type de permis de travail correspond \u00e0 votre situation et nous nous assurerons que vous remplissez les conditions d'\u00e9ligibilit\u00e9.<\/li>\n<\/ol>\n\n\n\n<ol class=\"wp-block-list\">\n<li><strong>Rassembler la documentation<\/strong>: Nous nous assurerons que vous avez rassembl\u00e9 les documents n\u00e9cessaires, tels que les offres d'emploi, l'EIMT (le cas \u00e9ch\u00e9ant), une preuve d'identit\u00e9 et d'autres documents pertinents.<\/li>\n<\/ol>\n\n\n\n<ol class=\"wp-block-list\">\n<li><strong>Soumettre la demande<\/strong>: Nous remplirons et soumettrons votre demande de permis de travail en ligne ou sur papier, en fonction des exigences sp\u00e9cifiques du permis que vous demandez.<\/li>\n<\/ol>\n\n\n\n<ol class=\"wp-block-list\">\n<li><strong>Attendre le traitement<\/strong>: Les d\u00e9lais de traitement varient en fonction du type de permis de travail et des circonstances individuelles. Nous vous aiderons \u00e0 suivre l'\u00e9tat d'avancement de la demande et \u00e0 r\u00e9soudre les probl\u00e8mes \u00e9ventuels.<\/li>\n<\/ol>\n\n\n\n<ol class=\"wp-block-list\">\n<li><strong>Recevoir la d\u00e9cision<\/strong>: Une fois votre demande trait\u00e9e, nous recevrons une d\u00e9cision concernant votre permis de travail et vous en informerons imm\u00e9diatement. Si votre demande est approuv\u00e9e, vous pourrez commencer \u00e0 travailler au Canada conform\u00e9ment aux conditions de votre permis.<\/li>\n<\/ol>\n\n\n\n<p class=\"wp-block-paragraph\">Commencez votre processus de candidature<br>Pour savoir comment l'\u00e9quipe de Siddiky Law peut vous aider, et pour plus d'informations, veuillez prendre rendez-vous afin que nous puissions \u00e9valuer vos besoins sp\u00e9cifiques. Vous pouvez nous joindre \u00e0 notre bureau de l'Est au (514) 522-2320, ou nous envoyer un courriel \u00e0 reception@siddikylaw.com pour prendre rendez-vous. Vous pouvez \u00e9galement nous contacter \u00e0 notre bureau central au (514) 556-8932 ou \u00e0 ssiddiky1@gmail.com pour prendre rendez-vous.<\/p>","protected":false},"excerpt":{"rendered":"<p>Work Permits Discover seamless pathways to international career opportunities with our Work Permits service. Our legal team provides tailored solutions for individuals and businesses, ensuring smooth transitions and successful outcomes. Let us navigate the complexities while you focus on your professional journey. Types of Work Permits Canada offers several types of work permits, each tailored [&hellip;]<\/p>\n","protected":false},"author":241199961,"featured_media":0,"parent":0,"menu_order":0,"comment_status":"closed","ping_status":"closed","template":"","meta":{"_acf_changed":false,"_crdt_document":"","inline_featured_image":false,"footnotes":""},"class_list":["post-491","page","type-page","status-publish","hentry"],"acf":[],"yoast_head":"<!-- This site is optimized with the Yoast SEO plugin v27.4 - https:\/\/yoast.com\/product\/yoast-seo-wordpress\/ -->\n<title>Work Permits - Siddiky Law<\/title>\n<meta name=\"robots\" content=\"index, follow, max-snippet:-1, max-image-preview:large, max-video-preview:-1\" \/>\n<link rel=\"canonical\" href=\"https:\/\/siddikylaw.com\/fr\/work-permits\/\" \/>\n<meta property=\"og:locale\" content=\"fr_CA\" \/>\n<meta property=\"og:type\" content=\"article\" \/>\n<meta property=\"og:title\" content=\"Work Permits - Siddiky Law\" \/>\n<meta property=\"og:description\" content=\"Work Permits Discover seamless pathways to international career opportunities with our Work Permits service. Our legal team provides tailored solutions for individuals and businesses, ensuring smooth transitions and successful outcomes. Let us navigate the complexities while you focus on your professional journey. Types of Work Permits Canada offers several types of work permits, each tailored [&hellip;]\" \/>\n<meta property=\"og:url\" content=\"https:\/\/siddikylaw.com\/fr\/work-permits\/\" \/>\n<meta property=\"og:site_name\" content=\"Siddiky Law\" \/>\n<meta property=\"article:modified_time\" content=\"2024-08-20T17:21:01+00:00\" \/>\n<meta property=\"og:image\" content=\"https:\/\/siddikylaw.com\/wp-content\/uploads\/2024\/08\/workers-feeling-479.webp\" \/>\n<meta name=\"twitter:card\" content=\"summary_large_image\" \/>\n<meta name=\"twitter:label1\" content=\"Estimation du temps de lecture\" \/>\n\t<meta name=\"twitter:data1\" content=\"2 minutes\" \/>\n<script type=\"application\/ld+json\" class=\"yoast-schema-graph\">{\"@context\":\"https:\\\/\\\/schema.org\",\"@graph\":[{\"@type\":\"WebPage\",\"@id\":\"https:\\\/\\\/siddikylaw.com\\\/work-permits\\\/\",\"url\":\"https:\\\/\\\/siddikylaw.com\\\/work-permits\\\/\",\"name\":\"Work Permits - Siddiky Law\",\"isPartOf\":{\"@id\":\"https:\\\/\\\/siddikylaw.com\\\/#website\"},\"primaryImageOfPage\":{\"@id\":\"https:\\\/\\\/siddikylaw.com\\\/work-permits\\\/#primaryimage\"},\"image\":{\"@id\":\"https:\\\/\\\/siddikylaw.com\\\/work-permits\\\/#primaryimage\"},\"thumbnailUrl\":\"https:\\\/\\\/siddikylaw.com\\\/wp-content\\\/uploads\\\/2024\\\/08\\\/workers-feeling-479.webp\",\"datePublished\":\"2024-05-24T19:01:46+00:00\",\"dateModified\":\"2024-08-20T17:21:01+00:00\",\"breadcrumb\":{\"@id\":\"https:\\\/\\\/siddikylaw.com\\\/work-permits\\\/#breadcrumb\"},\"inLanguage\":\"fr-CA\",\"potentialAction\":[{\"@type\":\"ReadAction\",\"target\":[\"https:\\\/\\\/siddikylaw.com\\\/work-permits\\\/\"]}]},{\"@type\":\"ImageObject\",\"inLanguage\":\"fr-CA\",\"@id\":\"https:\\\/\\\/siddikylaw.com\\\/work-permits\\\/#primaryimage\",\"url\":\"https:\\\/\\\/siddikylaw.com\\\/wp-content\\\/uploads\\\/2024\\\/08\\\/workers-feeling-479.webp\",\"contentUrl\":\"https:\\\/\\\/siddikylaw.com\\\/wp-content\\\/uploads\\\/2024\\\/08\\\/workers-feeling-479.webp\"},{\"@type\":\"BreadcrumbList\",\"@id\":\"https:\\\/\\\/siddikylaw.com\\\/work-permits\\\/#breadcrumb\",\"itemListElement\":[{\"@type\":\"ListItem\",\"position\":1,\"name\":\"Home\",\"item\":\"https:\\\/\\\/siddikylaw.com\\\/\"},{\"@type\":\"ListItem\",\"position\":2,\"name\":\"Work Permits\"}]},{\"@type\":\"WebSite\",\"@id\":\"https:\\\/\\\/siddikylaw.com\\\/#website\",\"url\":\"https:\\\/\\\/siddikylaw.com\\\/\",\"name\":\"Siddiky Law\",\"description\":\"Siddiky Law Firm | Immigration Law\",\"publisher\":{\"@id\":\"https:\\\/\\\/siddikylaw.com\\\/#organization\"},\"potentialAction\":[{\"@type\":\"SearchAction\",\"target\":{\"@type\":\"EntryPoint\",\"urlTemplate\":\"https:\\\/\\\/siddikylaw.com\\\/?s={search_term_string}\"},\"query-input\":{\"@type\":\"PropertyValueSpecification\",\"valueRequired\":true,\"valueName\":\"search_term_string\"}}],\"inLanguage\":\"fr-CA\"},{\"@type\":\"Organization\",\"@id\":\"https:\\\/\\\/siddikylaw.com\\\/#organization\",\"name\":\"Siddiky Law\",\"url\":\"https:\\\/\\\/siddikylaw.com\\\/\",\"logo\":{\"@type\":\"ImageObject\",\"inLanguage\":\"fr-CA\",\"@id\":\"https:\\\/\\\/siddikylaw.com\\\/#\\\/schema\\\/logo\\\/image\\\/\",\"url\":\"https:\\\/\\\/i0.wp.com\\\/siddikylaw.com\\\/wp-content\\\/uploads\\\/2023\\\/10\\\/logo_full_light402x.png?fit=3184%2C1364&ssl=1\",\"contentUrl\":\"https:\\\/\\\/i0.wp.com\\\/siddikylaw.com\\\/wp-content\\\/uploads\\\/2023\\\/10\\\/logo_full_light402x.png?fit=3184%2C1364&ssl=1\",\"width\":3184,\"height\":1364,\"caption\":\"Siddiky Law\"},\"image\":{\"@id\":\"https:\\\/\\\/siddikylaw.com\\\/#\\\/schema\\\/logo\\\/image\\\/\"}}]}<\/script>\n<!-- \/ Yoast SEO plugin. -->","yoast_head_json":{"title":"Work Permits - Siddiky Law","robots":{"index":"index","follow":"follow","max-snippet":"max-snippet:-1","max-image-preview":"max-image-preview:large","max-video-preview":"max-video-preview:-1"},"canonical":"https:\/\/siddikylaw.com\/fr\/work-permits\/","og_locale":"fr_CA","og_type":"article","og_title":"Work Permits - Siddiky Law","og_description":"Work Permits Discover seamless pathways to international career opportunities with our Work Permits service. Our legal team provides tailored solutions for individuals and businesses, ensuring smooth transitions and successful outcomes. Let us navigate the complexities while you focus on your professional journey. Types of Work Permits Canada offers several types of work permits, each tailored [&hellip;]","og_url":"https:\/\/siddikylaw.com\/fr\/work-permits\/","og_site_name":"Siddiky Law","article_modified_time":"2024-08-20T17:21:01+00:00","og_image":[{"url":"https:\/\/siddikylaw.com\/wp-content\/uploads\/2024\/08\/workers-feeling-479.webp","type":"","width":"","height":""}],"twitter_card":"summary_large_image","twitter_misc":{"Estimation du temps de lecture":"2 minutes"},"schema":{"@context":"https:\/\/schema.org","@graph":[{"@type":"WebPage","@id":"https:\/\/siddikylaw.com\/work-permits\/","url":"https:\/\/siddikylaw.com\/work-permits\/","name":"Work Permits - Siddiky Law","isPartOf":{"@id":"https:\/\/siddikylaw.com\/#website"},"primaryImageOfPage":{"@id":"https:\/\/siddikylaw.com\/work-permits\/#primaryimage"},"image":{"@id":"https:\/\/siddikylaw.com\/work-permits\/#primaryimage"},"thumbnailUrl":"https:\/\/siddikylaw.com\/wp-content\/uploads\/2024\/08\/workers-feeling-479.webp","datePublished":"2024-05-24T19:01:46+00:00","dateModified":"2024-08-20T17:21:01+00:00","breadcrumb":{"@id":"https:\/\/siddikylaw.com\/work-permits\/#breadcrumb"},"inLanguage":"fr-CA","potentialAction":[{"@type":"ReadAction","target":["https:\/\/siddikylaw.com\/work-permits\/"]}]},{"@type":"ImageObject","inLanguage":"fr-CA","@id":"https:\/\/siddikylaw.com\/work-permits\/#primaryimage","url":"https:\/\/siddikylaw.com\/wp-content\/uploads\/2024\/08\/workers-feeling-479.webp","contentUrl":"https:\/\/siddikylaw.com\/wp-content\/uploads\/2024\/08\/workers-feeling-479.webp"},{"@type":"BreadcrumbList","@id":"https:\/\/siddikylaw.com\/work-permits\/#breadcrumb","itemListElement":[{"@type":"ListItem","position":1,"name":"Home","item":"https:\/\/siddikylaw.com\/"},{"@type":"ListItem","position":2,"name":"Work Permits"}]},{"@type":"WebSite","@id":"https:\/\/siddikylaw.com\/#website","url":"https:\/\/siddikylaw.com\/","name":"Siddiky Law","description":"Siddiky Law Firm | Immigration Law","publisher":{"@id":"https:\/\/siddikylaw.com\/#organization"},"potentialAction":[{"@type":"SearchAction","target":{"@type":"EntryPoint","urlTemplate":"https:\/\/siddikylaw.com\/?s={search_term_string}"},"query-input":{"@type":"PropertyValueSpecification","valueRequired":true,"valueName":"search_term_string"}}],"inLanguage":"fr-CA"},{"@type":"Organization","@id":"https:\/\/siddikylaw.com\/#organization","name":"Siddiky Law","url":"https:\/\/siddikylaw.com\/","logo":{"@type":"ImageObject","inLanguage":"fr-CA","@id":"https:\/\/siddikylaw.com\/#\/schema\/logo\/image\/","url":"https:\/\/i0.wp.com\/siddikylaw.com\/wp-content\/uploads\/2023\/10\/logo_full_light402x.png?fit=3184%2C1364&ssl=1","contentUrl":"https:\/\/i0.wp.com\/siddikylaw.com\/wp-content\/uploads\/2023\/10\/logo_full_light402x.png?fit=3184%2C1364&ssl=1","width":3184,"height":1364,"caption":"Siddiky Law"},"image":{"@id":"https:\/\/siddikylaw.com\/#\/schema\/logo\/image\/"}}]}},"jetpack_likes_enabled":true,"jetpack_sharing_enabled":true,"jetpack_shortlink":"https:\/\/wp.me\/PfauUB-7V","jetpack-related-posts":[],"_links":{"self":[{"href":"https:\/\/siddikylaw.com\/fr\/wp-json\/wp\/v2\/pages\/491","targetHints":{"allow":["GET"]}}],"collection":[{"href":"https:\/\/siddikylaw.com\/fr\/wp-json\/wp\/v2\/pages"}],"about":[{"href":"https:\/\/siddikylaw.com\/fr\/wp-json\/wp\/v2\/types\/page"}],"author":[{"embeddable":true,"href":"https:\/\/siddikylaw.com\/fr\/wp-json\/wp\/v2\/users\/241199961"}],"replies":[{"embeddable":true,"href":"https:\/\/siddikylaw.com\/fr\/wp-json\/wp\/v2\/comments?post=491"}],"version-history":[{"count":40,"href":"https:\/\/siddikylaw.com\/fr\/wp-json\/wp\/v2\/pages\/491\/revisions"}],"predecessor-version":[{"id":1120,"href":"https:\/\/siddikylaw.com\/fr\/wp-json\/wp\/v2\/pages\/491\/revisions\/1120"}],"wp:attachment":[{"href":"https:\/\/siddikylaw.com\/fr\/wp-json\/wp\/v2\/media?parent=491"}],"curies":[{"name":"wp","href":"https:\/\/api.w.org\/{rel}","templated":true}]}}