{"id":492,"date":"2024-05-24T15:01:54","date_gmt":"2024-05-24T19:01:54","guid":{"rendered":"https:\/\/siddikylaw.com\/?page_id=492"},"modified":"2024-08-19T16:12:35","modified_gmt":"2024-08-19T20:12:35","slug":"visitor-visas","status":"publish","type":"page","link":"https:\/\/siddikylaw.com\/fr\/visitor-visas\/","title":{"rendered":"Visas de visiteur"},"content":{"rendered":"<div class=\"wp-block-cover\"><span aria-hidden=\"true\" class=\"wp-block-cover__background has-background-dim\"><\/span><img data-recalc-dims=\"1\" fetchpriority=\"high\" decoding=\"async\" width=\"5400\" height=\"3601\" data-attachment-id=\"571\" data-permalink=\"https:\/\/siddikylaw.com\/fr\/visitor-visas\/montreal-en-hiver-2\/\" data-orig-file=\"https:\/\/i0.wp.com\/siddikylaw.com\/wp-content\/uploads\/2024\/05\/2016-01-27-1453911220-575042-MontrealSkating-1.jpg?fit=5400%2C3601&amp;ssl=1\" data-orig-size=\"5400,3601\" data-comments-opened=\"1\" data-image-meta=\"{&quot;aperture&quot;:&quot;5.6&quot;,&quot;credit&quot;:&quot;&quot;,&quot;camera&quot;:&quot;Canon EOS 5D Mark II&quot;,&quot;caption&quot;:&quot;Montreal en hiver&quot;,&quot;created_timestamp&quot;:&quot;1298141310&quot;,&quot;copyright&quot;:&quot;picturescanada&quot;,&quot;focal_length&quot;:&quot;28&quot;,&quot;iso&quot;:&quot;400&quot;,&quot;shutter_speed&quot;:&quot;0.2&quot;,&quot;title&quot;:&quot;Montreal en hiver&quot;,&quot;orientation&quot;:&quot;1&quot;}\" data-image-title=\"Montreal en hiver\" data-image-description=\"\" data-image-caption=\"&lt;p&gt;Montreal en hiver&lt;\/p&gt;\" data-large-file=\"https:\/\/i0.wp.com\/siddikylaw.com\/wp-content\/uploads\/2024\/05\/2016-01-27-1453911220-575042-MontrealSkating-1.jpg?fit=1024%2C683&amp;ssl=1\" class=\"wp-block-cover__image-background wp-image-571\" alt=\"\" src=\"https:\/\/i0.wp.com\/siddikylaw.com\/wp-content\/uploads\/2024\/05\/2016-01-27-1453911220-575042-MontrealSkating-1.jpg?resize=5400%2C3601&#038;ssl=1\" style=\"object-position:50% 0%\" data-object-fit=\"cover\" data-object-position=\"50% 0%\" srcset=\"https:\/\/i0.wp.com\/siddikylaw.com\/wp-content\/uploads\/2024\/05\/2016-01-27-1453911220-575042-MontrealSkating-1.jpg?w=5400&amp;ssl=1 5400w, https:\/\/i0.wp.com\/siddikylaw.com\/wp-content\/uploads\/2024\/05\/2016-01-27-1453911220-575042-MontrealSkating-1.jpg?resize=300%2C200&amp;ssl=1 300w, https:\/\/i0.wp.com\/siddikylaw.com\/wp-content\/uploads\/2024\/05\/2016-01-27-1453911220-575042-MontrealSkating-1.jpg?resize=1024%2C683&amp;ssl=1 1024w, https:\/\/i0.wp.com\/siddikylaw.com\/wp-content\/uploads\/2024\/05\/2016-01-27-1453911220-575042-MontrealSkating-1.jpg?resize=768%2C512&amp;ssl=1 768w, https:\/\/i0.wp.com\/siddikylaw.com\/wp-content\/uploads\/2024\/05\/2016-01-27-1453911220-575042-MontrealSkating-1.jpg?resize=1536%2C1024&amp;ssl=1 1536w, https:\/\/i0.wp.com\/siddikylaw.com\/wp-content\/uploads\/2024\/05\/2016-01-27-1453911220-575042-MontrealSkating-1.jpg?resize=2048%2C1366&amp;ssl=1 2048w, https:\/\/i0.wp.com\/siddikylaw.com\/wp-content\/uploads\/2024\/05\/2016-01-27-1453911220-575042-MontrealSkating-1.jpg?resize=1200%2C800&amp;ssl=1 1200w, https:\/\/i0.wp.com\/siddikylaw.com\/wp-content\/uploads\/2024\/05\/2016-01-27-1453911220-575042-MontrealSkating-1.jpg?w=3000&amp;ssl=1 3000w\" sizes=\"(max-width: 1000px) 100vw, 1000px\" \/><div class=\"wp-block-cover__inner-container has-global-padding is-layout-constrained wp-block-cover-is-layout-constrained\">\n<p class=\"has-text-align-center has-primary-color has-text-color has-link-color has-x-large-font-size wp-elements-86e8aa35fa03cf74eea1cb0dee0e6c6b wp-block-paragraph\"><strong>Visas de visiteur<\/strong><\/p>\n<\/div><\/div>\n\n\n\n<p class=\"wp-block-paragraph\">Que vous pr\u00e9voyiez une visite de d\u00e9tente, une r\u00e9union de famille ou un voyage d'affaires, notre \u00e9quipe d\u00e9vou\u00e9e est l\u00e0 pour vous guider \u00e0 chaque \u00e9tape du processus. Gr\u00e2ce \u00e0 nos conseils, vous pouvez entamer votre s\u00e9jour temporaire en toute confiance et en toute s\u00e9r\u00e9nit\u00e9.<\/p>\n\n\n\n<h2 class=\"wp-block-heading\">De quoi ai-je besoin?<\/h2>\n\n\n\n<p class=\"wp-block-paragraph\">Pour demander un visa de r\u00e9sident temporaire au Canada, vous devez g\u00e9n\u00e9ralement pr\u00e9senter les documents suivants :<\/p>\n\n\n\n<ul class=\"wp-block-list\">\n<li><strong>Preuve d'identit\u00e9<\/strong><\/li>\n\n\n\n<li><strong>Preuve de soutien financier<\/strong><\/li>\n\n\n\n<li><strong>Itin\u00e9raire de voyage<\/strong><\/li>\n\n\n\n<li><strong>Lettre d'invitation<\/strong><\/li>\n\n\n\n<li><strong>Preuve des liens avec le pays d'origine<\/strong><\/li>\n\n\n\n<li><strong>Frais de dossier<\/strong><\/li>\n\n\n\n<li><strong>Lettre de motivation<\/strong><\/li>\n\n\n\n<li><strong>Histoire des voyages<\/strong><\/li>\n\n\n\n<li><strong>Examen m\u00e9dical<\/strong><\/li>\n\n\n\n<li><strong>Certificat de police<\/strong><\/li>\n<\/ul>\n\n\n\n<p class=\"wp-block-paragraph\">Nous vous aiderons \u00e0 vous assurer que tous vos documents sont en ordre et nous vous aiderons \u00e0 entreprendre votre voyage et pour que vous puissiez vous rendre au Canada en toute s\u00e9curit\u00e9.<\/p>\n\n\n\n<p class=\"wp-block-paragraph\"><strong>Commencez votre processus de candidature<br><\/strong>Pour savoir comment l'\u00e9quipe de Siddiky Law peut vous aider, et pour plus d'informations, veuillez prendre rendez-vous afin que nous puissions \u00e9valuer vos besoins sp\u00e9cifiques. Vous pouvez nous joindre \u00e0 notre bureau de l'Est au (514) 522-2320, ou nous envoyer un courriel \u00e0 reception@siddikylaw.com pour prendre rendez-vous. Vous pouvez \u00e9galement nous contacter \u00e0 notre bureau central au (514) 556-8932 ou \u00e0 ssiddiky1@gmail.com pour prendre rendez-vous.<\/p>","protected":false},"excerpt":{"rendered":"<p>Whether you&#8217;re planning a leisurely visit, family reunion, or business trip, our dedicated team is here to guide you through every step of the process. With our guidance, you can embark on your temporary stay with confidence and peace of mind. What Do I Need? When applying for a Temporary Resident Visa for Canada, you [&hellip;]<\/p>\n","protected":false},"author":241199961,"featured_media":0,"parent":0,"menu_order":0,"comment_status":"closed","ping_status":"closed","template":"","meta":{"_acf_changed":false,"_crdt_document":"","inline_featured_image":false,"footnotes":""},"class_list":["post-492","page","type-page","status-publish","hentry"],"acf":[],"yoast_head":"<!-- This site is optimized with the Yoast SEO plugin v27.4 - https:\/\/yoast.com\/product\/yoast-seo-wordpress\/ -->\n<title>Visitor Visas - Siddiky Law<\/title>\n<meta name=\"robots\" content=\"index, follow, max-snippet:-1, max-image-preview:large, max-video-preview:-1\" \/>\n<link rel=\"canonical\" href=\"https:\/\/siddikylaw.com\/fr\/visitor-visas\/\" \/>\n<meta property=\"og:locale\" content=\"fr_CA\" \/>\n<meta property=\"og:type\" content=\"article\" \/>\n<meta property=\"og:title\" content=\"Visitor Visas - Siddiky Law\" \/>\n<meta property=\"og:description\" content=\"Whether you&#8217;re planning a leisurely visit, family reunion, or business trip, our dedicated team is here to guide you through every step of the process. With our guidance, you can embark on your temporary stay with confidence and peace of mind. What Do I Need? When applying for a Temporary Resident Visa for Canada, you [&hellip;]\" \/>\n<meta property=\"og:url\" content=\"https:\/\/siddikylaw.com\/fr\/visitor-visas\/\" \/>\n<meta property=\"og:site_name\" content=\"Siddiky Law\" \/>\n<meta property=\"article:modified_time\" content=\"2024-08-19T20:12:35+00:00\" \/>\n<meta property=\"og:image\" content=\"https:\/\/siddikylaw.com\/wp-content\/uploads\/2024\/05\/2016-01-27-1453911220-575042-MontrealSkating-1.jpg\" \/>\n<meta name=\"twitter:card\" content=\"summary_large_image\" \/>\n<meta name=\"twitter:label1\" content=\"Estimation du temps de lecture\" \/>\n\t<meta name=\"twitter:data1\" content=\"2 minutes\" \/>\n<script type=\"application\/ld+json\" class=\"yoast-schema-graph\">{\"@context\":\"https:\\\/\\\/schema.org\",\"@graph\":[{\"@type\":\"WebPage\",\"@id\":\"https:\\\/\\\/siddikylaw.com\\\/visitor-visas\\\/\",\"url\":\"https:\\\/\\\/siddikylaw.com\\\/visitor-visas\\\/\",\"name\":\"Visitor Visas - Siddiky Law\",\"isPartOf\":{\"@id\":\"https:\\\/\\\/siddikylaw.com\\\/#website\"},\"primaryImageOfPage\":{\"@id\":\"https:\\\/\\\/siddikylaw.com\\\/visitor-visas\\\/#primaryimage\"},\"image\":{\"@id\":\"https:\\\/\\\/siddikylaw.com\\\/visitor-visas\\\/#primaryimage\"},\"thumbnailUrl\":\"https:\\\/\\\/siddikylaw.com\\\/wp-content\\\/uploads\\\/2024\\\/05\\\/2016-01-27-1453911220-575042-MontrealSkating-1.jpg\",\"datePublished\":\"2024-05-24T19:01:54+00:00\",\"dateModified\":\"2024-08-19T20:12:35+00:00\",\"breadcrumb\":{\"@id\":\"https:\\\/\\\/siddikylaw.com\\\/visitor-visas\\\/#breadcrumb\"},\"inLanguage\":\"fr-CA\",\"potentialAction\":[{\"@type\":\"ReadAction\",\"target\":[\"https:\\\/\\\/siddikylaw.com\\\/visitor-visas\\\/\"]}]},{\"@type\":\"ImageObject\",\"inLanguage\":\"fr-CA\",\"@id\":\"https:\\\/\\\/siddikylaw.com\\\/visitor-visas\\\/#primaryimage\",\"url\":\"https:\\\/\\\/siddikylaw.com\\\/wp-content\\\/uploads\\\/2024\\\/05\\\/2016-01-27-1453911220-575042-MontrealSkating-1.jpg\",\"contentUrl\":\"https:\\\/\\\/siddikylaw.com\\\/wp-content\\\/uploads\\\/2024\\\/05\\\/2016-01-27-1453911220-575042-MontrealSkating-1.jpg\"},{\"@type\":\"BreadcrumbList\",\"@id\":\"https:\\\/\\\/siddikylaw.com\\\/visitor-visas\\\/#breadcrumb\",\"itemListElement\":[{\"@type\":\"ListItem\",\"position\":1,\"name\":\"Home\",\"item\":\"https:\\\/\\\/siddikylaw.com\\\/\"},{\"@type\":\"ListItem\",\"position\":2,\"name\":\"Visitor Visas\"}]},{\"@type\":\"WebSite\",\"@id\":\"https:\\\/\\\/siddikylaw.com\\\/#website\",\"url\":\"https:\\\/\\\/siddikylaw.com\\\/\",\"name\":\"Siddiky Law\",\"description\":\"Siddiky Law Firm | Immigration Law\",\"publisher\":{\"@id\":\"https:\\\/\\\/siddikylaw.com\\\/#organization\"},\"potentialAction\":[{\"@type\":\"SearchAction\",\"target\":{\"@type\":\"EntryPoint\",\"urlTemplate\":\"https:\\\/\\\/siddikylaw.com\\\/?s={search_term_string}\"},\"query-input\":{\"@type\":\"PropertyValueSpecification\",\"valueRequired\":true,\"valueName\":\"search_term_string\"}}],\"inLanguage\":\"fr-CA\"},{\"@type\":\"Organization\",\"@id\":\"https:\\\/\\\/siddikylaw.com\\\/#organization\",\"name\":\"Siddiky Law\",\"url\":\"https:\\\/\\\/siddikylaw.com\\\/\",\"logo\":{\"@type\":\"ImageObject\",\"inLanguage\":\"fr-CA\",\"@id\":\"https:\\\/\\\/siddikylaw.com\\\/#\\\/schema\\\/logo\\\/image\\\/\",\"url\":\"https:\\\/\\\/i0.wp.com\\\/siddikylaw.com\\\/wp-content\\\/uploads\\\/2023\\\/10\\\/logo_full_light402x.png?fit=3184%2C1364&ssl=1\",\"contentUrl\":\"https:\\\/\\\/i0.wp.com\\\/siddikylaw.com\\\/wp-content\\\/uploads\\\/2023\\\/10\\\/logo_full_light402x.png?fit=3184%2C1364&ssl=1\",\"width\":3184,\"height\":1364,\"caption\":\"Siddiky Law\"},\"image\":{\"@id\":\"https:\\\/\\\/siddikylaw.com\\\/#\\\/schema\\\/logo\\\/image\\\/\"}}]}<\/script>\n<!-- \/ Yoast SEO plugin. -->","yoast_head_json":{"title":"Visitor Visas - Siddiky Law","robots":{"index":"index","follow":"follow","max-snippet":"max-snippet:-1","max-image-preview":"max-image-preview:large","max-video-preview":"max-video-preview:-1"},"canonical":"https:\/\/siddikylaw.com\/fr\/visitor-visas\/","og_locale":"fr_CA","og_type":"article","og_title":"Visitor Visas - Siddiky Law","og_description":"Whether you&#8217;re planning a leisurely visit, family reunion, or business trip, our dedicated team is here to guide you through every step of the process. With our guidance, you can embark on your temporary stay with confidence and peace of mind. What Do I Need? When applying for a Temporary Resident Visa for Canada, you [&hellip;]","og_url":"https:\/\/siddikylaw.com\/fr\/visitor-visas\/","og_site_name":"Siddiky Law","article_modified_time":"2024-08-19T20:12:35+00:00","og_image":[{"url":"https:\/\/siddikylaw.com\/wp-content\/uploads\/2024\/05\/2016-01-27-1453911220-575042-MontrealSkating-1.jpg","type":"","width":"","height":""}],"twitter_card":"summary_large_image","twitter_misc":{"Estimation du temps de lecture":"2 minutes"},"schema":{"@context":"https:\/\/schema.org","@graph":[{"@type":"WebPage","@id":"https:\/\/siddikylaw.com\/visitor-visas\/","url":"https:\/\/siddikylaw.com\/visitor-visas\/","name":"Visitor Visas - Siddiky Law","isPartOf":{"@id":"https:\/\/siddikylaw.com\/#website"},"primaryImageOfPage":{"@id":"https:\/\/siddikylaw.com\/visitor-visas\/#primaryimage"},"image":{"@id":"https:\/\/siddikylaw.com\/visitor-visas\/#primaryimage"},"thumbnailUrl":"https:\/\/siddikylaw.com\/wp-content\/uploads\/2024\/05\/2016-01-27-1453911220-575042-MontrealSkating-1.jpg","datePublished":"2024-05-24T19:01:54+00:00","dateModified":"2024-08-19T20:12:35+00:00","breadcrumb":{"@id":"https:\/\/siddikylaw.com\/visitor-visas\/#breadcrumb"},"inLanguage":"fr-CA","potentialAction":[{"@type":"ReadAction","target":["https:\/\/siddikylaw.com\/visitor-visas\/"]}]},{"@type":"ImageObject","inLanguage":"fr-CA","@id":"https:\/\/siddikylaw.com\/visitor-visas\/#primaryimage","url":"https:\/\/siddikylaw.com\/wp-content\/uploads\/2024\/05\/2016-01-27-1453911220-575042-MontrealSkating-1.jpg","contentUrl":"https:\/\/siddikylaw.com\/wp-content\/uploads\/2024\/05\/2016-01-27-1453911220-575042-MontrealSkating-1.jpg"},{"@type":"BreadcrumbList","@id":"https:\/\/siddikylaw.com\/visitor-visas\/#breadcrumb","itemListElement":[{"@type":"ListItem","position":1,"name":"Home","item":"https:\/\/siddikylaw.com\/"},{"@type":"ListItem","position":2,"name":"Visitor Visas"}]},{"@type":"WebSite","@id":"https:\/\/siddikylaw.com\/#website","url":"https:\/\/siddikylaw.com\/","name":"Siddiky Law","description":"Siddiky Law Firm | Immigration Law","publisher":{"@id":"https:\/\/siddikylaw.com\/#organization"},"potentialAction":[{"@type":"SearchAction","target":{"@type":"EntryPoint","urlTemplate":"https:\/\/siddikylaw.com\/?s={search_term_string}"},"query-input":{"@type":"PropertyValueSpecification","valueRequired":true,"valueName":"search_term_string"}}],"inLanguage":"fr-CA"},{"@type":"Organization","@id":"https:\/\/siddikylaw.com\/#organization","name":"Siddiky Law","url":"https:\/\/siddikylaw.com\/","logo":{"@type":"ImageObject","inLanguage":"fr-CA","@id":"https:\/\/siddikylaw.com\/#\/schema\/logo\/image\/","url":"https:\/\/i0.wp.com\/siddikylaw.com\/wp-content\/uploads\/2023\/10\/logo_full_light402x.png?fit=3184%2C1364&ssl=1","contentUrl":"https:\/\/i0.wp.com\/siddikylaw.com\/wp-content\/uploads\/2023\/10\/logo_full_light402x.png?fit=3184%2C1364&ssl=1","width":3184,"height":1364,"caption":"Siddiky Law"},"image":{"@id":"https:\/\/siddikylaw.com\/#\/schema\/logo\/image\/"}}]}},"jetpack_likes_enabled":true,"jetpack_sharing_enabled":true,"jetpack_shortlink":"https:\/\/wp.me\/PfauUB-7W","jetpack-related-posts":[],"_links":{"self":[{"href":"https:\/\/siddikylaw.com\/fr\/wp-json\/wp\/v2\/pages\/492","targetHints":{"allow":["GET"]}}],"collection":[{"href":"https:\/\/siddikylaw.com\/fr\/wp-json\/wp\/v2\/pages"}],"about":[{"href":"https:\/\/siddikylaw.com\/fr\/wp-json\/wp\/v2\/types\/page"}],"author":[{"embeddable":true,"href":"https:\/\/siddikylaw.com\/fr\/wp-json\/wp\/v2\/users\/241199961"}],"replies":[{"embeddable":true,"href":"https:\/\/siddikylaw.com\/fr\/wp-json\/wp\/v2\/comments?post=492"}],"version-history":[{"count":39,"href":"https:\/\/siddikylaw.com\/fr\/wp-json\/wp\/v2\/pages\/492\/revisions"}],"predecessor-version":[{"id":1064,"href":"https:\/\/siddikylaw.com\/fr\/wp-json\/wp\/v2\/pages\/492\/revisions\/1064"}],"wp:attachment":[{"href":"https:\/\/siddikylaw.com\/fr\/wp-json\/wp\/v2\/media?parent=492"}],"curies":[{"name":"wp","href":"https:\/\/api.w.org\/{rel}","templated":true}]}}