{"id":591,"date":"2024-07-25T11:44:51","date_gmt":"2024-07-25T15:44:51","guid":{"rendered":"https:\/\/siddikylaw.com\/?page_id=591"},"modified":"2024-08-19T16:10:01","modified_gmt":"2024-08-19T20:10:01","slug":"sponsorships","status":"publish","type":"page","link":"https:\/\/siddikylaw.com\/fr\/sponsorships\/","title":{"rendered":"Le patronage"},"content":{"rendered":"<div class=\"wp-block-cover\"><span aria-hidden=\"true\" class=\"wp-block-cover__background has-background-dim\"><\/span><img data-recalc-dims=\"1\" fetchpriority=\"high\" decoding=\"async\" width=\"1200\" height=\"798\" data-attachment-id=\"706\" data-permalink=\"https:\/\/siddikylaw.com\/fr\/sponsorships\/family_portrait\/\" data-orig-file=\"https:\/\/i0.wp.com\/siddikylaw.com\/wp-content\/uploads\/2024\/08\/Family_Portrait.jpg?fit=1200%2C798&amp;ssl=1\" data-orig-size=\"1200,798\" data-comments-opened=\"1\" data-image-meta=\"{&quot;aperture&quot;:&quot;0&quot;,&quot;credit&quot;:&quot;&quot;,&quot;camera&quot;:&quot;&quot;,&quot;caption&quot;:&quot;&quot;,&quot;created_timestamp&quot;:&quot;0&quot;,&quot;copyright&quot;:&quot;&quot;,&quot;focal_length&quot;:&quot;0&quot;,&quot;iso&quot;:&quot;0&quot;,&quot;shutter_speed&quot;:&quot;0&quot;,&quot;title&quot;:&quot;&quot;,&quot;orientation&quot;:&quot;0&quot;}\" data-image-title=\"Family_Portrait\" data-image-description=\"\" data-image-caption=\"\" data-large-file=\"https:\/\/i0.wp.com\/siddikylaw.com\/wp-content\/uploads\/2024\/08\/Family_Portrait.jpg?fit=1024%2C681&amp;ssl=1\" class=\"wp-block-cover__image-background wp-image-706\" alt=\"\" src=\"https:\/\/i0.wp.com\/siddikylaw.com\/wp-content\/uploads\/2024\/08\/Family_Portrait.jpg?resize=1200%2C798&#038;ssl=1\" style=\"object-position:43% 0%\" data-object-fit=\"cover\" data-object-position=\"43% 0%\" srcset=\"https:\/\/i0.wp.com\/siddikylaw.com\/wp-content\/uploads\/2024\/08\/Family_Portrait.jpg?w=1200&amp;ssl=1 1200w, https:\/\/i0.wp.com\/siddikylaw.com\/wp-content\/uploads\/2024\/08\/Family_Portrait.jpg?resize=300%2C200&amp;ssl=1 300w, https:\/\/i0.wp.com\/siddikylaw.com\/wp-content\/uploads\/2024\/08\/Family_Portrait.jpg?resize=1024%2C681&amp;ssl=1 1024w, https:\/\/i0.wp.com\/siddikylaw.com\/wp-content\/uploads\/2024\/08\/Family_Portrait.jpg?resize=768%2C511&amp;ssl=1 768w, https:\/\/i0.wp.com\/siddikylaw.com\/wp-content\/uploads\/2024\/08\/Family_Portrait.jpg?resize=18%2C12&amp;ssl=1 18w\" sizes=\"(max-width: 1000px) 100vw, 1000px\" \/><div class=\"wp-block-cover__inner-container has-global-padding is-layout-constrained wp-block-cover-is-layout-constrained\">\n<p class=\"has-text-align-center has-primary-color has-text-color has-link-color has-x-large-font-size wp-elements-1d265e9b2d5357e47af37e458b2a1b1a wp-block-paragraph\"><strong>Le patronage<\/strong><\/p>\n<\/div><\/div>\n\n\n\n<p class=\"wp-block-paragraph\">Chez Siddiky Law, nous comprenons l'importance profonde de la famille et le r\u00f4le qu'elle joue dans la construction d'un avenir meilleur. Notre \u00e9quipe de professionnels d\u00e9vou\u00e9s s'engage \u00e0 guider les familles \u00e0 travers le processus complexe du parrainage familial ou du parrainage d'\u00e9poux. Que vous cherchiez \u00e0 retrouver des \u00eatres chers ou \u00e0 faire venir des membres de votre famille au Canada, nous sommes l\u00e0 pour vous aider \u00e0 chaque \u00e9tape du processus.<\/p>\n\n\n\n<div class=\"wp-block-group is-layout-grid wp-container-core-group-is-layout-c4ef5d24 wp-block-group-is-layout-grid\">\n<p class=\"wp-container-content-d61e1221 wp-block-paragraph\">Le parrainage familial est une proc\u00e9dure l\u00e9gale qui permet aux Canadiens et aux r\u00e9sidents permanents l\u00e9gaux de faire venir leurs proches parents au Canada. Cette proc\u00e9dure consiste \u00e0 demander un visa au nom d'un membre de la famille, ce qui lui permet de vivre et de travailler dans le pays. L'objectif du parrainage familial est de faciliter la r\u00e9unification des familles s\u00e9par\u00e9es par des fronti\u00e8res internationales et de veiller \u00e0 ce que les membres de la famille puissent b\u00e9n\u00e9ficier d'un environnement stable et favorable.<\/p>\n\n\n\n<p class=\"wp-container-content-d61e1221 wp-block-paragraph\">Le parrainage de conjoint permet aux citoyens canadiens et aux r\u00e9sidents permanents l\u00e9gaux de faire venir leur conjoint n\u00e9 \u00e0 l'\u00e9tranger au Canada. Ce processus implique le d\u00e9p\u00f4t de formulaires aupr\u00e8s de la Commission de l'immigration et du statut de r\u00e9fugi\u00e9 du Canada afin d'obtenir un visa pour votre conjoint, facilitant ainsi sa r\u00e9sidence permanente et son statut l\u00e9gal dans le pays.<\/p>\n<\/div>\n\n\n\n<p class=\"wp-block-paragraph\">Pour demander un parrainage au Canada, le r\u00e9pondant et le demandeur doivent satisfaire \u00e0 des exigences sp\u00e9cifiques et fournir certains documents. Voici un aper\u00e7u de ce dont vous avez g\u00e9n\u00e9ralement besoin :<\/p>\n\n\n\n<h3 class=\"wp-block-heading\">Pour le sponsor<\/h3>\n\n\n\n<ul class=\"wp-block-list\">\n<li><strong>Preuve de citoyennet\u00e9 canadienne ou de r\u00e9sidence permanente<\/strong><\/li>\n\n\n\n<li><strong>Preuve d'\u00e2ge<\/strong><\/li>\n\n\n\n<li><strong>Documents financiers<\/strong><\/li>\n\n\n\n<li><strong>V\u00e9rification des ant\u00e9c\u00e9dents judiciaires<\/strong><\/li>\n<\/ul>\n\n\n\n<h3 class=\"wp-block-heading\">Pour le demandeur principal<\/h3>\n\n\n\n<ul class=\"wp-block-list\">\n<li><strong>Preuve d'identit\u00e9<\/strong><\/li>\n\n\n\n<li><strong>Preuve de la relation<\/strong><\/li>\n\n\n\n<li><strong>Preuve de r\u00e9sidence<\/strong><\/li>\n\n\n\n<li><strong>Examen m\u00e9dical<\/strong><\/li>\n\n\n\n<li><strong>Certificat de police<\/strong><\/li>\n<\/ul>\n\n\n\n<h3 class=\"wp-block-heading\">Documents facultatifs\/compl\u00e9mentaires<\/h3>\n\n\n\n<ul class=\"wp-block-list\">\n<li><strong>Preuves de parrainages ant\u00e9rieurs<\/strong><\/li>\n\n\n\n<li><strong>Lettres de soutien<\/strong><\/li>\n<\/ul>\n\n\n\n<p class=\"wp-block-paragraph\">Nous veillerons \u00e0 ce que tous vos documents soient complets, exacts et conformes aux exigences sp\u00e9cifiques des autorit\u00e9s canadiennes de l'immigration. <\/p>\n\n\n\n<div class=\"wp-block-group is-layout-grid wp-container-core-group-is-layout-c4ef5d24 wp-block-group-is-layout-grid\">\n<p class=\"wp-container-content-9a2d7e86 wp-block-paragraph\">Commencez votre processus de candidature<br>Pour savoir comment l'\u00e9quipe de Siddiky Law peut vous aider, et pour plus d'informations, veuillez prendre rendez-vous afin que nous puissions \u00e9valuer vos besoins sp\u00e9cifiques. Vous pouvez nous joindre \u00e0 notre bureau de l'Est au (514) 522-2320, ou nous envoyer un courriel \u00e0 reception@siddikylaw.com pour prendre rendez-vous. Vous pouvez \u00e9galement nous contacter \u00e0 notre bureau central au (514) 556-8932 ou \u00e0 ssiddiky1@gmail.com pour prendre rendez-vous.<\/p>\n<\/div>","protected":false},"excerpt":{"rendered":"<p>At Siddiky Law, we understand the profound importance of family and the role it plays in building a better future. Our dedicated team of professionals is committed to guiding families through the complex process of family sponsorship or spousal sponsorship. Whether you\u2019re looking to reunite with loved ones or bring family members to join you [&hellip;]<\/p>\n","protected":false},"author":241199961,"featured_media":0,"parent":0,"menu_order":0,"comment_status":"closed","ping_status":"closed","template":"","meta":{"_acf_changed":false,"_crdt_document":"","inline_featured_image":false,"footnotes":""},"class_list":["post-591","page","type-page","status-publish","hentry"],"acf":[],"yoast_head":"<!-- This site is optimized with the Yoast SEO plugin v27.4 - https:\/\/yoast.com\/product\/yoast-seo-wordpress\/ -->\n<title>Sponsorships - Siddiky Law<\/title>\n<meta name=\"robots\" content=\"index, follow, max-snippet:-1, max-image-preview:large, max-video-preview:-1\" \/>\n<link rel=\"canonical\" href=\"https:\/\/siddikylaw.com\/fr\/sponsorships\/\" \/>\n<meta property=\"og:locale\" content=\"fr_CA\" \/>\n<meta property=\"og:type\" content=\"article\" \/>\n<meta property=\"og:title\" content=\"Sponsorships - Siddiky Law\" \/>\n<meta property=\"og:description\" content=\"At Siddiky Law, we understand the profound importance of family and the role it plays in building a better future. Our dedicated team of professionals is committed to guiding families through the complex process of family sponsorship or spousal sponsorship. Whether you\u2019re looking to reunite with loved ones or bring family members to join you [&hellip;]\" \/>\n<meta property=\"og:url\" content=\"https:\/\/siddikylaw.com\/fr\/sponsorships\/\" \/>\n<meta property=\"og:site_name\" content=\"Siddiky Law\" \/>\n<meta property=\"article:modified_time\" content=\"2024-08-19T20:10:01+00:00\" \/>\n<meta property=\"og:image\" content=\"https:\/\/siddikylaw.com\/wp-content\/uploads\/2024\/08\/Family_Portrait.jpg\" \/>\n<meta name=\"twitter:card\" content=\"summary_large_image\" \/>\n<script type=\"application\/ld+json\" class=\"yoast-schema-graph\">{\"@context\":\"https:\\\/\\\/schema.org\",\"@graph\":[{\"@type\":\"WebPage\",\"@id\":\"https:\\\/\\\/siddikylaw.com\\\/sponsorships\\\/\",\"url\":\"https:\\\/\\\/siddikylaw.com\\\/sponsorships\\\/\",\"name\":\"Sponsorships - Siddiky Law\",\"isPartOf\":{\"@id\":\"https:\\\/\\\/siddikylaw.com\\\/#website\"},\"primaryImageOfPage\":{\"@id\":\"https:\\\/\\\/siddikylaw.com\\\/sponsorships\\\/#primaryimage\"},\"image\":{\"@id\":\"https:\\\/\\\/siddikylaw.com\\\/sponsorships\\\/#primaryimage\"},\"thumbnailUrl\":\"https:\\\/\\\/siddikylaw.com\\\/wp-content\\\/uploads\\\/2024\\\/08\\\/Family_Portrait.jpg\",\"datePublished\":\"2024-07-25T15:44:51+00:00\",\"dateModified\":\"2024-08-19T20:10:01+00:00\",\"breadcrumb\":{\"@id\":\"https:\\\/\\\/siddikylaw.com\\\/sponsorships\\\/#breadcrumb\"},\"inLanguage\":\"fr-CA\",\"potentialAction\":[{\"@type\":\"ReadAction\",\"target\":[\"https:\\\/\\\/siddikylaw.com\\\/sponsorships\\\/\"]}]},{\"@type\":\"ImageObject\",\"inLanguage\":\"fr-CA\",\"@id\":\"https:\\\/\\\/siddikylaw.com\\\/sponsorships\\\/#primaryimage\",\"url\":\"https:\\\/\\\/siddikylaw.com\\\/wp-content\\\/uploads\\\/2024\\\/08\\\/Family_Portrait.jpg\",\"contentUrl\":\"https:\\\/\\\/siddikylaw.com\\\/wp-content\\\/uploads\\\/2024\\\/08\\\/Family_Portrait.jpg\"},{\"@type\":\"BreadcrumbList\",\"@id\":\"https:\\\/\\\/siddikylaw.com\\\/sponsorships\\\/#breadcrumb\",\"itemListElement\":[{\"@type\":\"ListItem\",\"position\":1,\"name\":\"Home\",\"item\":\"https:\\\/\\\/siddikylaw.com\\\/\"},{\"@type\":\"ListItem\",\"position\":2,\"name\":\"Sponsorships\"}]},{\"@type\":\"WebSite\",\"@id\":\"https:\\\/\\\/siddikylaw.com\\\/#website\",\"url\":\"https:\\\/\\\/siddikylaw.com\\\/\",\"name\":\"Siddiky Law\",\"description\":\"Siddiky Law Firm | Immigration Law\",\"publisher\":{\"@id\":\"https:\\\/\\\/siddikylaw.com\\\/#organization\"},\"potentialAction\":[{\"@type\":\"SearchAction\",\"target\":{\"@type\":\"EntryPoint\",\"urlTemplate\":\"https:\\\/\\\/siddikylaw.com\\\/?s={search_term_string}\"},\"query-input\":{\"@type\":\"PropertyValueSpecification\",\"valueRequired\":true,\"valueName\":\"search_term_string\"}}],\"inLanguage\":\"fr-CA\"},{\"@type\":\"Organization\",\"@id\":\"https:\\\/\\\/siddikylaw.com\\\/#organization\",\"name\":\"Siddiky Law\",\"url\":\"https:\\\/\\\/siddikylaw.com\\\/\",\"logo\":{\"@type\":\"ImageObject\",\"inLanguage\":\"fr-CA\",\"@id\":\"https:\\\/\\\/siddikylaw.com\\\/#\\\/schema\\\/logo\\\/image\\\/\",\"url\":\"https:\\\/\\\/i0.wp.com\\\/siddikylaw.com\\\/wp-content\\\/uploads\\\/2023\\\/10\\\/logo_full_light402x.png?fit=3184%2C1364&ssl=1\",\"contentUrl\":\"https:\\\/\\\/i0.wp.com\\\/siddikylaw.com\\\/wp-content\\\/uploads\\\/2023\\\/10\\\/logo_full_light402x.png?fit=3184%2C1364&ssl=1\",\"width\":3184,\"height\":1364,\"caption\":\"Siddiky Law\"},\"image\":{\"@id\":\"https:\\\/\\\/siddikylaw.com\\\/#\\\/schema\\\/logo\\\/image\\\/\"}}]}<\/script>\n<!-- \/ Yoast SEO plugin. -->","yoast_head_json":{"title":"Sponsorships - Siddiky Law","robots":{"index":"index","follow":"follow","max-snippet":"max-snippet:-1","max-image-preview":"max-image-preview:large","max-video-preview":"max-video-preview:-1"},"canonical":"https:\/\/siddikylaw.com\/fr\/sponsorships\/","og_locale":"fr_CA","og_type":"article","og_title":"Sponsorships - Siddiky Law","og_description":"At Siddiky Law, we understand the profound importance of family and the role it plays in building a better future. Our dedicated team of professionals is committed to guiding families through the complex process of family sponsorship or spousal sponsorship. Whether you\u2019re looking to reunite with loved ones or bring family members to join you [&hellip;]","og_url":"https:\/\/siddikylaw.com\/fr\/sponsorships\/","og_site_name":"Siddiky Law","article_modified_time":"2024-08-19T20:10:01+00:00","og_image":[{"url":"https:\/\/siddikylaw.com\/wp-content\/uploads\/2024\/08\/Family_Portrait.jpg","type":"","width":"","height":""}],"twitter_card":"summary_large_image","schema":{"@context":"https:\/\/schema.org","@graph":[{"@type":"WebPage","@id":"https:\/\/siddikylaw.com\/sponsorships\/","url":"https:\/\/siddikylaw.com\/sponsorships\/","name":"Sponsorships - Siddiky Law","isPartOf":{"@id":"https:\/\/siddikylaw.com\/#website"},"primaryImageOfPage":{"@id":"https:\/\/siddikylaw.com\/sponsorships\/#primaryimage"},"image":{"@id":"https:\/\/siddikylaw.com\/sponsorships\/#primaryimage"},"thumbnailUrl":"https:\/\/siddikylaw.com\/wp-content\/uploads\/2024\/08\/Family_Portrait.jpg","datePublished":"2024-07-25T15:44:51+00:00","dateModified":"2024-08-19T20:10:01+00:00","breadcrumb":{"@id":"https:\/\/siddikylaw.com\/sponsorships\/#breadcrumb"},"inLanguage":"fr-CA","potentialAction":[{"@type":"ReadAction","target":["https:\/\/siddikylaw.com\/sponsorships\/"]}]},{"@type":"ImageObject","inLanguage":"fr-CA","@id":"https:\/\/siddikylaw.com\/sponsorships\/#primaryimage","url":"https:\/\/siddikylaw.com\/wp-content\/uploads\/2024\/08\/Family_Portrait.jpg","contentUrl":"https:\/\/siddikylaw.com\/wp-content\/uploads\/2024\/08\/Family_Portrait.jpg"},{"@type":"BreadcrumbList","@id":"https:\/\/siddikylaw.com\/sponsorships\/#breadcrumb","itemListElement":[{"@type":"ListItem","position":1,"name":"Home","item":"https:\/\/siddikylaw.com\/"},{"@type":"ListItem","position":2,"name":"Sponsorships"}]},{"@type":"WebSite","@id":"https:\/\/siddikylaw.com\/#website","url":"https:\/\/siddikylaw.com\/","name":"Siddiky Law","description":"Siddiky Law Firm | Immigration Law","publisher":{"@id":"https:\/\/siddikylaw.com\/#organization"},"potentialAction":[{"@type":"SearchAction","target":{"@type":"EntryPoint","urlTemplate":"https:\/\/siddikylaw.com\/?s={search_term_string}"},"query-input":{"@type":"PropertyValueSpecification","valueRequired":true,"valueName":"search_term_string"}}],"inLanguage":"fr-CA"},{"@type":"Organization","@id":"https:\/\/siddikylaw.com\/#organization","name":"Siddiky Law","url":"https:\/\/siddikylaw.com\/","logo":{"@type":"ImageObject","inLanguage":"fr-CA","@id":"https:\/\/siddikylaw.com\/#\/schema\/logo\/image\/","url":"https:\/\/i0.wp.com\/siddikylaw.com\/wp-content\/uploads\/2023\/10\/logo_full_light402x.png?fit=3184%2C1364&ssl=1","contentUrl":"https:\/\/i0.wp.com\/siddikylaw.com\/wp-content\/uploads\/2023\/10\/logo_full_light402x.png?fit=3184%2C1364&ssl=1","width":3184,"height":1364,"caption":"Siddiky Law"},"image":{"@id":"https:\/\/siddikylaw.com\/#\/schema\/logo\/image\/"}}]}},"jetpack_likes_enabled":true,"jetpack_sharing_enabled":true,"jetpack_shortlink":"https:\/\/wp.me\/PfauUB-9x","jetpack-related-posts":[],"_links":{"self":[{"href":"https:\/\/siddikylaw.com\/fr\/wp-json\/wp\/v2\/pages\/591","targetHints":{"allow":["GET"]}}],"collection":[{"href":"https:\/\/siddikylaw.com\/fr\/wp-json\/wp\/v2\/pages"}],"about":[{"href":"https:\/\/siddikylaw.com\/fr\/wp-json\/wp\/v2\/types\/page"}],"author":[{"embeddable":true,"href":"https:\/\/siddikylaw.com\/fr\/wp-json\/wp\/v2\/users\/241199961"}],"replies":[{"embeddable":true,"href":"https:\/\/siddikylaw.com\/fr\/wp-json\/wp\/v2\/comments?post=591"}],"version-history":[{"count":19,"href":"https:\/\/siddikylaw.com\/fr\/wp-json\/wp\/v2\/pages\/591\/revisions"}],"predecessor-version":[{"id":1062,"href":"https:\/\/siddikylaw.com\/fr\/wp-json\/wp\/v2\/pages\/591\/revisions\/1062"}],"wp:attachment":[{"href":"https:\/\/siddikylaw.com\/fr\/wp-json\/wp\/v2\/media?parent=591"}],"curies":[{"name":"wp","href":"https:\/\/api.w.org\/{rel}","templated":true}]}}