{"id":597,"date":"2024-07-25T12:03:53","date_gmt":"2024-07-25T16:03:53","guid":{"rendered":"https:\/\/siddikylaw.com\/?page_id=597"},"modified":"2024-08-16T14:57:17","modified_gmt":"2024-08-16T18:57:17","slug":"application-for-permanent-residency","status":"publish","type":"page","link":"https:\/\/siddikylaw.com\/fr\/application-for-permanent-residency\/","title":{"rendered":"Demande de r\u00e9sidence permanente"},"content":{"rendered":"<div class=\"wp-block-cover\"><span aria-hidden=\"true\" class=\"wp-block-cover__background has-background-background-color has-background-dim-20 has-background-dim\"><\/span><img data-recalc-dims=\"1\" fetchpriority=\"high\" decoding=\"async\" width=\"1024\" height=\"576\" data-attachment-id=\"951\" data-permalink=\"https:\/\/siddikylaw.com\/fr\/application-for-permanent-residency\/cnd-1024x576\/\" data-orig-file=\"https:\/\/i0.wp.com\/siddikylaw.com\/wp-content\/uploads\/2024\/08\/CND-1024x576-1.jpg?fit=1024%2C576&amp;ssl=1\" data-orig-size=\"1024,576\" data-comments-opened=\"1\" data-image-meta=\"{&quot;aperture&quot;:&quot;0&quot;,&quot;credit&quot;:&quot;&quot;,&quot;camera&quot;:&quot;&quot;,&quot;caption&quot;:&quot;&quot;,&quot;created_timestamp&quot;:&quot;0&quot;,&quot;copyright&quot;:&quot;&quot;,&quot;focal_length&quot;:&quot;0&quot;,&quot;iso&quot;:&quot;0&quot;,&quot;shutter_speed&quot;:&quot;0&quot;,&quot;title&quot;:&quot;&quot;,&quot;orientation&quot;:&quot;1&quot;}\" data-image-title=\"CND-1024&amp;#215;576\" data-image-description=\"\" data-image-caption=\"\" data-large-file=\"https:\/\/i0.wp.com\/siddikylaw.com\/wp-content\/uploads\/2024\/08\/CND-1024x576-1.jpg?fit=1024%2C576&amp;ssl=1\" class=\"wp-block-cover__image-background wp-image-951\" alt=\"\" src=\"https:\/\/i0.wp.com\/siddikylaw.com\/wp-content\/uploads\/2024\/08\/CND-1024x576-1.jpg?resize=1024%2C576&#038;ssl=1\" data-object-fit=\"cover\" srcset=\"https:\/\/i0.wp.com\/siddikylaw.com\/wp-content\/uploads\/2024\/08\/CND-1024x576-1.jpg?w=1024&amp;ssl=1 1024w, https:\/\/i0.wp.com\/siddikylaw.com\/wp-content\/uploads\/2024\/08\/CND-1024x576-1.jpg?resize=300%2C169&amp;ssl=1 300w, https:\/\/i0.wp.com\/siddikylaw.com\/wp-content\/uploads\/2024\/08\/CND-1024x576-1.jpg?resize=768%2C432&amp;ssl=1 768w, https:\/\/i0.wp.com\/siddikylaw.com\/wp-content\/uploads\/2024\/08\/CND-1024x576-1.jpg?resize=18%2C10&amp;ssl=1 18w\" sizes=\"(max-width: 1000px) 100vw, 1000px\" \/><div class=\"wp-block-cover__inner-container has-global-padding is-layout-constrained wp-block-cover-is-layout-constrained\">\n<p class=\"has-text-align-center has-foreground-color has-text-color has-link-color has-inter-font-family has-x-large-font-size wp-elements-23f583e8b7f07abe82d63bc0cd2cc44c wp-block-paragraph\"><strong>Demande de r\u00e9sidence permanente<\/strong><\/p>\n<\/div><\/div>\n\n\n\n<p class=\"wp-block-paragraph\">La demande de r\u00e9sidence permanente (RP) au Canada comporte plusieurs \u00e9tapes. Le processus varie en fonction du programme d'immigration auquel vous vous adressez, mais voici un aper\u00e7u g\u00e9n\u00e9ral des \u00e9tapes \u00e0 suivre :<\/p>\n\n\n\n<h3 class=\"wp-block-heading\"><strong>Determine Your Eligibility<\/strong><\/h3>\n\n\n\n<p class=\"wp-block-paragraph\">Nous pouvons vous aider \u00e0 identifier le programme de relations publiques qui convient \u00e0 votre situation. Les programmes les plus courants sont les suivants:<\/p>\n\n\n\n<ul class=\"wp-block-list\">\n<li><strong>Entr\u00e9e express<\/strong><\/li>\n\n\n\n<li><strong>Programme des candidats des provinces (PCP)<\/strong><\/li>\n\n\n\n<li><strong><a href=\"https:\/\/siddikylaw.com\/fr\/sponsorships\/\">Parrainage familial<\/a><\/strong><\/li>\n\n\n\n<li><strong>Immigration des entreprises<\/strong><\/li>\n\n\n\n<li><strong>Classe de l'exp\u00e9rience canadienne<\/strong><\/li>\n\n\n\n<li><strong>Travailleurs qualifi\u00e9s s\u00e9lectionn\u00e9s par le Qu\u00e9bec<\/strong><\/li>\n<\/ul>\n\n\n\n<h3 class=\"wp-block-heading\"><strong>Rassembler les documents<\/strong><\/h3>\n\n\n\n<p class=\"wp-block-paragraph\">En rassemblant les documents n\u00e9cessaires, nous pouvons entamer les d\u00e9marches n\u00e9cessaires pour compl\u00e9ter votre demande. Voici quelques-uns des documents dont vous aurez besoin :<\/p>\n\n\n\n<ul class=\"wp-block-list\">\n<li><strong>Preuve d'identit\u00e9<\/strong><\/li>\n\n\n\n<li><strong>Titres de formation<\/strong><\/li>\n\n\n\n<li><strong>Comp\u00e9tences linguistiques<\/strong><\/li>\n\n\n\n<li><strong>Exp\u00e9rience professionnelle<\/strong><\/li>\n\n\n\n<li><strong>Preuve de fonds<\/strong><\/li>\n\n\n\n<li><strong>Certificat de police<\/strong><\/li>\n\n\n\n<li><strong>Examen m\u00e9dical<\/strong><\/li>\n\n\n\n<li><strong>Photos<\/strong><\/li>\n<\/ul>\n\n\n\n<p class=\"wp-block-paragraph\">En suivant attentivement ces \u00e9tapes et en veillant \u00e0 ce que votre demande soit compl\u00e8te et exacte, vous augmentez vos chances d'obtenir la r\u00e9sidence permanente au Canada.<\/p>\n\n\n\n<p class=\"has-small-font-size wp-block-paragraph\"><strong>Commencez votre processus de candidature<\/strong><br>Pour savoir comment l'\u00e9quipe de Siddiky Law peut vous aider, et pour plus d'informations, veuillez prendre rendez-vous afin que nous puissions \u00e9valuer vos besoins sp\u00e9cifiques. Vous pouvez nous joindre \u00e0 notre bureau de l'Est au (514) 522-2320, ou nous envoyer un courriel \u00e0 reception@siddikylaw.com pour prendre rendez-vous. Vous pouvez \u00e9galement nous contacter \u00e0 notre bureau central au (514) 556-8932 ou \u00e0 ssiddiky1@gmail.com pour prendre rendez-vous.<\/p>","protected":false},"excerpt":{"rendered":"<p>Applying for Permanent Residency (PR) in Canada involves several steps. The process varies depending on the immigration program you are applying under, but here is a general outline of the steps involved: Determine Your Eligibility We can help you identify the PR program that suits your situation. Common programs include: Gather Documents By gathering the [&hellip;]<\/p>\n","protected":false},"author":241199961,"featured_media":0,"parent":0,"menu_order":0,"comment_status":"closed","ping_status":"closed","template":"","meta":{"_acf_changed":false,"_crdt_document":"","inline_featured_image":false,"footnotes":""},"class_list":["post-597","page","type-page","status-publish","hentry"],"acf":[],"yoast_head":"<!-- This site is optimized with the Yoast SEO plugin v27.4 - https:\/\/yoast.com\/product\/yoast-seo-wordpress\/ -->\n<title>Application for Permanent Residency - Siddiky Law<\/title>\n<meta name=\"robots\" content=\"index, follow, max-snippet:-1, max-image-preview:large, max-video-preview:-1\" \/>\n<link rel=\"canonical\" href=\"https:\/\/siddikylaw.com\/fr\/application-for-permanent-residency\/\" \/>\n<meta property=\"og:locale\" content=\"fr_CA\" \/>\n<meta property=\"og:type\" content=\"article\" \/>\n<meta property=\"og:title\" content=\"Application for Permanent Residency - Siddiky Law\" \/>\n<meta property=\"og:description\" content=\"Applying for Permanent Residency (PR) in Canada involves several steps. The process varies depending on the immigration program you are applying under, but here is a general outline of the steps involved: Determine Your Eligibility We can help you identify the PR program that suits your situation. Common programs include: Gather Documents By gathering the [&hellip;]\" \/>\n<meta property=\"og:url\" content=\"https:\/\/siddikylaw.com\/fr\/application-for-permanent-residency\/\" \/>\n<meta property=\"og:site_name\" content=\"Siddiky Law\" \/>\n<meta property=\"article:modified_time\" content=\"2024-08-16T18:57:17+00:00\" \/>\n<meta property=\"og:image\" content=\"https:\/\/siddikylaw.com\/wp-content\/uploads\/2024\/08\/CND-1024x576-1.jpg\" \/>\n<meta name=\"twitter:card\" content=\"summary_large_image\" \/>\n<meta name=\"twitter:label1\" content=\"Estimation du temps de lecture\" \/>\n\t<meta name=\"twitter:data1\" content=\"2 minutes\" \/>\n<script type=\"application\/ld+json\" class=\"yoast-schema-graph\">{\"@context\":\"https:\\\/\\\/schema.org\",\"@graph\":[{\"@type\":\"WebPage\",\"@id\":\"https:\\\/\\\/siddikylaw.com\\\/application-for-permanent-residency\\\/\",\"url\":\"https:\\\/\\\/siddikylaw.com\\\/application-for-permanent-residency\\\/\",\"name\":\"Application for Permanent Residency - Siddiky Law\",\"isPartOf\":{\"@id\":\"https:\\\/\\\/siddikylaw.com\\\/#website\"},\"primaryImageOfPage\":{\"@id\":\"https:\\\/\\\/siddikylaw.com\\\/application-for-permanent-residency\\\/#primaryimage\"},\"image\":{\"@id\":\"https:\\\/\\\/siddikylaw.com\\\/application-for-permanent-residency\\\/#primaryimage\"},\"thumbnailUrl\":\"https:\\\/\\\/siddikylaw.com\\\/wp-content\\\/uploads\\\/2024\\\/08\\\/CND-1024x576-1.jpg\",\"datePublished\":\"2024-07-25T16:03:53+00:00\",\"dateModified\":\"2024-08-16T18:57:17+00:00\",\"breadcrumb\":{\"@id\":\"https:\\\/\\\/siddikylaw.com\\\/application-for-permanent-residency\\\/#breadcrumb\"},\"inLanguage\":\"fr-CA\",\"potentialAction\":[{\"@type\":\"ReadAction\",\"target\":[\"https:\\\/\\\/siddikylaw.com\\\/application-for-permanent-residency\\\/\"]}]},{\"@type\":\"ImageObject\",\"inLanguage\":\"fr-CA\",\"@id\":\"https:\\\/\\\/siddikylaw.com\\\/application-for-permanent-residency\\\/#primaryimage\",\"url\":\"https:\\\/\\\/siddikylaw.com\\\/wp-content\\\/uploads\\\/2024\\\/08\\\/CND-1024x576-1.jpg\",\"contentUrl\":\"https:\\\/\\\/siddikylaw.com\\\/wp-content\\\/uploads\\\/2024\\\/08\\\/CND-1024x576-1.jpg\"},{\"@type\":\"BreadcrumbList\",\"@id\":\"https:\\\/\\\/siddikylaw.com\\\/application-for-permanent-residency\\\/#breadcrumb\",\"itemListElement\":[{\"@type\":\"ListItem\",\"position\":1,\"name\":\"Home\",\"item\":\"https:\\\/\\\/siddikylaw.com\\\/\"},{\"@type\":\"ListItem\",\"position\":2,\"name\":\"Application for Permanent Residency\"}]},{\"@type\":\"WebSite\",\"@id\":\"https:\\\/\\\/siddikylaw.com\\\/#website\",\"url\":\"https:\\\/\\\/siddikylaw.com\\\/\",\"name\":\"Siddiky Law\",\"description\":\"Siddiky Law Firm | Immigration Law\",\"publisher\":{\"@id\":\"https:\\\/\\\/siddikylaw.com\\\/#organization\"},\"potentialAction\":[{\"@type\":\"SearchAction\",\"target\":{\"@type\":\"EntryPoint\",\"urlTemplate\":\"https:\\\/\\\/siddikylaw.com\\\/?s={search_term_string}\"},\"query-input\":{\"@type\":\"PropertyValueSpecification\",\"valueRequired\":true,\"valueName\":\"search_term_string\"}}],\"inLanguage\":\"fr-CA\"},{\"@type\":\"Organization\",\"@id\":\"https:\\\/\\\/siddikylaw.com\\\/#organization\",\"name\":\"Siddiky Law\",\"url\":\"https:\\\/\\\/siddikylaw.com\\\/\",\"logo\":{\"@type\":\"ImageObject\",\"inLanguage\":\"fr-CA\",\"@id\":\"https:\\\/\\\/siddikylaw.com\\\/#\\\/schema\\\/logo\\\/image\\\/\",\"url\":\"https:\\\/\\\/i0.wp.com\\\/siddikylaw.com\\\/wp-content\\\/uploads\\\/2023\\\/10\\\/logo_full_light402x.png?fit=3184%2C1364&ssl=1\",\"contentUrl\":\"https:\\\/\\\/i0.wp.com\\\/siddikylaw.com\\\/wp-content\\\/uploads\\\/2023\\\/10\\\/logo_full_light402x.png?fit=3184%2C1364&ssl=1\",\"width\":3184,\"height\":1364,\"caption\":\"Siddiky Law\"},\"image\":{\"@id\":\"https:\\\/\\\/siddikylaw.com\\\/#\\\/schema\\\/logo\\\/image\\\/\"}}]}<\/script>\n<!-- \/ Yoast SEO plugin. -->","yoast_head_json":{"title":"Application for Permanent Residency - Siddiky Law","robots":{"index":"index","follow":"follow","max-snippet":"max-snippet:-1","max-image-preview":"max-image-preview:large","max-video-preview":"max-video-preview:-1"},"canonical":"https:\/\/siddikylaw.com\/fr\/application-for-permanent-residency\/","og_locale":"fr_CA","og_type":"article","og_title":"Application for Permanent Residency - Siddiky Law","og_description":"Applying for Permanent Residency (PR) in Canada involves several steps. The process varies depending on the immigration program you are applying under, but here is a general outline of the steps involved: Determine Your Eligibility We can help you identify the PR program that suits your situation. Common programs include: Gather Documents By gathering the [&hellip;]","og_url":"https:\/\/siddikylaw.com\/fr\/application-for-permanent-residency\/","og_site_name":"Siddiky Law","article_modified_time":"2024-08-16T18:57:17+00:00","og_image":[{"url":"https:\/\/siddikylaw.com\/wp-content\/uploads\/2024\/08\/CND-1024x576-1.jpg","type":"","width":"","height":""}],"twitter_card":"summary_large_image","twitter_misc":{"Estimation du temps de lecture":"2 minutes"},"schema":{"@context":"https:\/\/schema.org","@graph":[{"@type":"WebPage","@id":"https:\/\/siddikylaw.com\/application-for-permanent-residency\/","url":"https:\/\/siddikylaw.com\/application-for-permanent-residency\/","name":"Application for Permanent Residency - Siddiky Law","isPartOf":{"@id":"https:\/\/siddikylaw.com\/#website"},"primaryImageOfPage":{"@id":"https:\/\/siddikylaw.com\/application-for-permanent-residency\/#primaryimage"},"image":{"@id":"https:\/\/siddikylaw.com\/application-for-permanent-residency\/#primaryimage"},"thumbnailUrl":"https:\/\/siddikylaw.com\/wp-content\/uploads\/2024\/08\/CND-1024x576-1.jpg","datePublished":"2024-07-25T16:03:53+00:00","dateModified":"2024-08-16T18:57:17+00:00","breadcrumb":{"@id":"https:\/\/siddikylaw.com\/application-for-permanent-residency\/#breadcrumb"},"inLanguage":"fr-CA","potentialAction":[{"@type":"ReadAction","target":["https:\/\/siddikylaw.com\/application-for-permanent-residency\/"]}]},{"@type":"ImageObject","inLanguage":"fr-CA","@id":"https:\/\/siddikylaw.com\/application-for-permanent-residency\/#primaryimage","url":"https:\/\/siddikylaw.com\/wp-content\/uploads\/2024\/08\/CND-1024x576-1.jpg","contentUrl":"https:\/\/siddikylaw.com\/wp-content\/uploads\/2024\/08\/CND-1024x576-1.jpg"},{"@type":"BreadcrumbList","@id":"https:\/\/siddikylaw.com\/application-for-permanent-residency\/#breadcrumb","itemListElement":[{"@type":"ListItem","position":1,"name":"Home","item":"https:\/\/siddikylaw.com\/"},{"@type":"ListItem","position":2,"name":"Application for Permanent Residency"}]},{"@type":"WebSite","@id":"https:\/\/siddikylaw.com\/#website","url":"https:\/\/siddikylaw.com\/","name":"Siddiky Law","description":"Siddiky Law Firm | Immigration Law","publisher":{"@id":"https:\/\/siddikylaw.com\/#organization"},"potentialAction":[{"@type":"SearchAction","target":{"@type":"EntryPoint","urlTemplate":"https:\/\/siddikylaw.com\/?s={search_term_string}"},"query-input":{"@type":"PropertyValueSpecification","valueRequired":true,"valueName":"search_term_string"}}],"inLanguage":"fr-CA"},{"@type":"Organization","@id":"https:\/\/siddikylaw.com\/#organization","name":"Siddiky Law","url":"https:\/\/siddikylaw.com\/","logo":{"@type":"ImageObject","inLanguage":"fr-CA","@id":"https:\/\/siddikylaw.com\/#\/schema\/logo\/image\/","url":"https:\/\/i0.wp.com\/siddikylaw.com\/wp-content\/uploads\/2023\/10\/logo_full_light402x.png?fit=3184%2C1364&ssl=1","contentUrl":"https:\/\/i0.wp.com\/siddikylaw.com\/wp-content\/uploads\/2023\/10\/logo_full_light402x.png?fit=3184%2C1364&ssl=1","width":3184,"height":1364,"caption":"Siddiky Law"},"image":{"@id":"https:\/\/siddikylaw.com\/#\/schema\/logo\/image\/"}}]}},"jetpack_likes_enabled":true,"jetpack_sharing_enabled":true,"jetpack_shortlink":"https:\/\/wp.me\/PfauUB-9D","jetpack-related-posts":[],"_links":{"self":[{"href":"https:\/\/siddikylaw.com\/fr\/wp-json\/wp\/v2\/pages\/597","targetHints":{"allow":["GET"]}}],"collection":[{"href":"https:\/\/siddikylaw.com\/fr\/wp-json\/wp\/v2\/pages"}],"about":[{"href":"https:\/\/siddikylaw.com\/fr\/wp-json\/wp\/v2\/types\/page"}],"author":[{"embeddable":true,"href":"https:\/\/siddikylaw.com\/fr\/wp-json\/wp\/v2\/users\/241199961"}],"replies":[{"embeddable":true,"href":"https:\/\/siddikylaw.com\/fr\/wp-json\/wp\/v2\/comments?post=597"}],"version-history":[{"count":16,"href":"https:\/\/siddikylaw.com\/fr\/wp-json\/wp\/v2\/pages\/597\/revisions"}],"predecessor-version":[{"id":1038,"href":"https:\/\/siddikylaw.com\/fr\/wp-json\/wp\/v2\/pages\/597\/revisions\/1038"}],"wp:attachment":[{"href":"https:\/\/siddikylaw.com\/fr\/wp-json\/wp\/v2\/media?parent=597"}],"curies":[{"name":"wp","href":"https:\/\/api.w.org\/{rel}","templated":true}]}}